{"id":1311,"date":"2022-01-21T13:44:53","date_gmt":"2022-01-21T13:44:53","guid":{"rendered":"https:\/\/www.wxw.sk\/referencie\/"},"modified":"2022-01-31T15:27:00","modified_gmt":"2022-01-31T15:27:00","slug":"referenzen","status":"publish","type":"page","link":"https:\/\/www.wxw.sk\/de\/referenzen\/","title":{"rendered":"Referenzen"},"content":{"rendered":"","protected":false},"excerpt":{"rendered":"<p>In mehreren europ\u00e4ischen L\u00e4ndern, in denen wir Niederlassungen haben, erbringen wir umfassende Dienstleistungen f\u00fcr unser Personalvermittlun. Wir werden Stellenangebote von Deutschland \u00fcber Mitteleuropa bis zur Ukraine im Osten oder Serbien im S\u00fcden Europas anbieten. <\/p>\n","protected":false},"author":1,"featured_media":906,"parent":0,"menu_order":0,"comment_status":"closed","ping_status":"closed","template":"page-reviews.php","meta":{"footnotes":""},"class_list":["post-1311","page","type-page","status-publish","has-post-thumbnail","hentry"],"acf":[],"yoast_head":"<!-- This site is optimized with the Yoast SEO plugin v19.9 - https:\/\/yoast.com\/wordpress\/plugins\/seo\/ -->\n<title>Referenzen - World of Work<\/title>\n<meta name=\"robots\" content=\"index, follow, max-snippet:-1, max-image-preview:large, max-video-preview:-1\" \/>\n<link rel=\"canonical\" href=\"https:\/\/www.wxw.sk\/de\/referenzen\/\" \/>\n<meta property=\"og:locale\" content=\"de_DE\" \/>\n<meta property=\"og:type\" content=\"article\" \/>\n<meta property=\"og:title\" content=\"Referenzen - World of Work\" \/>\n<meta property=\"og:description\" content=\"In mehreren europ\u00e4ischen L\u00e4ndern, in denen wir Niederlassungen haben, erbringen wir umfassende Dienstleistungen f\u00fcr unser Personalvermittlun. Wir werden Stellenangebote von Deutschland \u00fcber Mitteleuropa bis zur Ukraine im Osten oder Serbien im S\u00fcden Europas anbieten.\" \/>\n<meta property=\"og:url\" content=\"https:\/\/www.wxw.sk\/de\/referenzen\/\" \/>\n<meta property=\"og:site_name\" content=\"World of Work\" \/>\n<meta property=\"article:modified_time\" content=\"2022-01-31T15:27:00+00:00\" \/>\n<meta property=\"og:image\" content=\"https:\/\/www.wxw.sk\/wp-content\/uploads\/2022\/01\/cover3.jpg\" \/>\n\t<meta property=\"og:image:width\" content=\"3200\" \/>\n\t<meta property=\"og:image:height\" content=\"1800\" \/>\n\t<meta property=\"og:image:type\" content=\"image\/jpeg\" \/>\n<meta name=\"twitter:card\" content=\"summary_large_image\" \/>\n<script type=\"application\/ld+json\" class=\"yoast-schema-graph\">{\"@context\":\"https:\/\/schema.org\",\"@graph\":[{\"@type\":\"WebPage\",\"@id\":\"https:\/\/www.wxw.sk\/de\/referenzen\/\",\"url\":\"https:\/\/www.wxw.sk\/de\/referenzen\/\",\"name\":\"Referenzen - World of Work\",\"isPartOf\":{\"@id\":\"https:\/\/www.wxw.sk\/#website\"},\"datePublished\":\"2022-01-21T13:44:53+00:00\",\"dateModified\":\"2022-01-31T15:27:00+00:00\",\"breadcrumb\":{\"@id\":\"https:\/\/www.wxw.sk\/de\/referenzen\/#breadcrumb\"},\"inLanguage\":\"de\",\"potentialAction\":[{\"@type\":\"ReadAction\",\"target\":[\"https:\/\/www.wxw.sk\/de\/referenzen\/\"]}]},{\"@type\":\"BreadcrumbList\",\"@id\":\"https:\/\/www.wxw.sk\/de\/referenzen\/#breadcrumb\",\"itemListElement\":[{\"@type\":\"ListItem\",\"position\":1,\"name\":\"Domovsk\u00e1 str\u00e1nka\",\"item\":\"https:\/\/www.wxw.sk\/de\/\"},{\"@type\":\"ListItem\",\"position\":2,\"name\":\"Referenzen\"}]},{\"@type\":\"WebSite\",\"@id\":\"https:\/\/www.wxw.sk\/#website\",\"url\":\"https:\/\/www.wxw.sk\/\",\"name\":\"World of Work\",\"description\":\"\",\"potentialAction\":[{\"@type\":\"SearchAction\",\"target\":{\"@type\":\"EntryPoint\",\"urlTemplate\":\"https:\/\/www.wxw.sk\/?s={search_term_string}\"},\"query-input\":\"required name=search_term_string\"}],\"inLanguage\":\"de\"}]}<\/script>\n<!-- \/ Yoast SEO plugin. -->","yoast_head_json":{"title":"Referenzen - World of Work","robots":{"index":"index","follow":"follow","max-snippet":"max-snippet:-1","max-image-preview":"max-image-preview:large","max-video-preview":"max-video-preview:-1"},"canonical":"https:\/\/www.wxw.sk\/de\/referenzen\/","og_locale":"de_DE","og_type":"article","og_title":"Referenzen - World of Work","og_description":"In mehreren europ\u00e4ischen L\u00e4ndern, in denen wir Niederlassungen haben, erbringen wir umfassende Dienstleistungen f\u00fcr unser Personalvermittlun. Wir werden Stellenangebote von Deutschland \u00fcber Mitteleuropa bis zur Ukraine im Osten oder Serbien im S\u00fcden Europas anbieten.","og_url":"https:\/\/www.wxw.sk\/de\/referenzen\/","og_site_name":"World of Work","article_modified_time":"2022-01-31T15:27:00+00:00","og_image":[{"width":3200,"height":1800,"url":"https:\/\/www.wxw.sk\/wp-content\/uploads\/2022\/01\/cover3.jpg","type":"image\/jpeg"}],"twitter_card":"summary_large_image","schema":{"@context":"https:\/\/schema.org","@graph":[{"@type":"WebPage","@id":"https:\/\/www.wxw.sk\/de\/referenzen\/","url":"https:\/\/www.wxw.sk\/de\/referenzen\/","name":"Referenzen - World of Work","isPartOf":{"@id":"https:\/\/www.wxw.sk\/#website"},"datePublished":"2022-01-21T13:44:53+00:00","dateModified":"2022-01-31T15:27:00+00:00","breadcrumb":{"@id":"https:\/\/www.wxw.sk\/de\/referenzen\/#breadcrumb"},"inLanguage":"de","potentialAction":[{"@type":"ReadAction","target":["https:\/\/www.wxw.sk\/de\/referenzen\/"]}]},{"@type":"BreadcrumbList","@id":"https:\/\/www.wxw.sk\/de\/referenzen\/#breadcrumb","itemListElement":[{"@type":"ListItem","position":1,"name":"Domovsk\u00e1 str\u00e1nka","item":"https:\/\/www.wxw.sk\/de\/"},{"@type":"ListItem","position":2,"name":"Referenzen"}]},{"@type":"WebSite","@id":"https:\/\/www.wxw.sk\/#website","url":"https:\/\/www.wxw.sk\/","name":"World of Work","description":"","potentialAction":[{"@type":"SearchAction","target":{"@type":"EntryPoint","urlTemplate":"https:\/\/www.wxw.sk\/?s={search_term_string}"},"query-input":"required name=search_term_string"}],"inLanguage":"de"}]}},"_links":{"self":[{"href":"https:\/\/www.wxw.sk\/de\/wp-json\/wp\/v2\/pages\/1311","targetHints":{"allow":["GET"]}}],"collection":[{"href":"https:\/\/www.wxw.sk\/de\/wp-json\/wp\/v2\/pages"}],"about":[{"href":"https:\/\/www.wxw.sk\/de\/wp-json\/wp\/v2\/types\/page"}],"author":[{"embeddable":true,"href":"https:\/\/www.wxw.sk\/de\/wp-json\/wp\/v2\/users\/1"}],"replies":[{"embeddable":true,"href":"https:\/\/www.wxw.sk\/de\/wp-json\/wp\/v2\/comments?post=1311"}],"version-history":[{"count":3,"href":"https:\/\/www.wxw.sk\/de\/wp-json\/wp\/v2\/pages\/1311\/revisions"}],"predecessor-version":[{"id":1314,"href":"https:\/\/www.wxw.sk\/de\/wp-json\/wp\/v2\/pages\/1311\/revisions\/1314"}],"wp:featuredmedia":[{"embeddable":true,"href":"https:\/\/www.wxw.sk\/de\/wp-json\/wp\/v2\/media\/906"}],"wp:attachment":[{"href":"https:\/\/www.wxw.sk\/de\/wp-json\/wp\/v2\/media?parent=1311"}],"curies":[{"name":"wp","href":"https:\/\/api.w.org\/{rel}","templated":true}]}}