{"id":1338,"date":"2022-01-24T13:39:19","date_gmt":"2022-01-24T13:39:19","guid":{"rendered":"https:\/\/www.wxw.sk\/hr-sluzby\/"},"modified":"2022-02-01T07:17:21","modified_gmt":"2022-02-01T07:17:21","slug":"hr-dienstleistungen","status":"publish","type":"page","link":"https:\/\/www.wxw.sk\/de\/hr-dienstleistungen\/","title":{"rendered":"HR Dienstleistungen"},"content":{"rendered":"<div id=\"pl-1338\"  class=\"panel-layout\" ><div id=\"pg-1338-0\"  class=\"panel-grid panel-no-style\" ><div id=\"pgc-1338-0-0\"  class=\"panel-grid-cell\" ><div id=\"panel-1338-0-0-0\" class=\"so-panel widget widget_sow-editor panel-first-child panel-last-child\" data-index=\"0\" ><div class=\"wow fadeInLeft panel-widget-style panel-widget-style-for-1338-0-0-0\" data-wow-offset=\"10\" data-wow-iteration=\"1\" ><div\n\t\t\t\n\t\t\tclass=\"so-widget-sow-editor so-widget-sow-editor-base\"\n\t\t\t\n\t\t>\n<div class=\"siteorigin-widget-tinymce textwidget\">\n\t<h3><span class=\"red-font\">Unsere HR-Abteilung<\/span> bring die Optimierung der Mitarbeiterprozesse sowie eine bessere Arbeitsproduktivit\u00e4t.<\/h3>\n<p>Wir bieten ein effizientes und umfassendes Angebot im Bereich Personaldienstleistungen. Wir suchen nach effektiven L\u00f6sungen, die direkt auf den jeweiligen Kunden zugeschnitten sind, mit dem Ziel einer zielgerichteten Personalf\u00fchrung, die dem Unternehmen Zeit und Kosten spart.<\/p>\n<\/div>\n<\/div><\/div><\/div><\/div><div id=\"pgc-1338-0-1\"  class=\"panel-grid-cell\" ><div id=\"panel-1338-0-1-0\" class=\"so-panel widget widget_sow-image panel-first-child panel-last-child\" data-index=\"1\" ><div class=\"wow fadeInUp panel-widget-style panel-widget-style-for-1338-0-1-0\" data-wow-offset=\"10\" data-wow-iteration=\"1\" ><div\n\t\t\t\n\t\t\tclass=\"so-widget-sow-image so-widget-sow-image-default-d6014b76747a-1338\"\n\t\t\t\n\t\t>\n\n<div class=\"sow-image-container\">\n\t\t<img decoding=\"async\" src=\"https:\/\/www.wxw.sk\/wp-content\/uploads\/2022\/01\/samantha-fortney-OGDyzpsTjyA-unsplash.jpg\" width=\"1365\" height=\"2048\" srcset=\"https:\/\/www.wxw.sk\/wp-content\/uploads\/2022\/01\/samantha-fortney-OGDyzpsTjyA-unsplash.jpg 1365w, https:\/\/www.wxw.sk\/wp-content\/uploads\/2022\/01\/samantha-fortney-OGDyzpsTjyA-unsplash-200x300.jpg 200w, https:\/\/www.wxw.sk\/wp-content\/uploads\/2022\/01\/samantha-fortney-OGDyzpsTjyA-unsplash-683x1024.jpg 683w, https:\/\/www.wxw.sk\/wp-content\/uploads\/2022\/01\/samantha-fortney-OGDyzpsTjyA-unsplash-768x1152.jpg 768w, https:\/\/www.wxw.sk\/wp-content\/uploads\/2022\/01\/samantha-fortney-OGDyzpsTjyA-unsplash-1024x1536.jpg 1024w, https:\/\/www.wxw.sk\/wp-content\/uploads\/2022\/01\/samantha-fortney-OGDyzpsTjyA-unsplash-480x720.jpg 480w, https:\/\/www.wxw.sk\/wp-content\/uploads\/2022\/01\/samantha-fortney-OGDyzpsTjyA-unsplash-992x1488.jpg 992w, https:\/\/www.wxw.sk\/wp-content\/uploads\/2022\/01\/samantha-fortney-OGDyzpsTjyA-unsplash-1200x1800.jpg 1200w\" sizes=\"(max-width: 1365px) 100vw, 1365px\" alt=\"\" \t\tclass=\"so-widget-image\"\/>\n\t<\/div>\n\n<\/div><\/div><\/div><\/div><\/div><div id=\"pg-1338-1\"  class=\"panel-grid panel-has-style\" ><div class=\"panel-row-style panel-row-style-for-1338-1\" ><div id=\"pgc-1338-1-0\"  class=\"panel-grid-cell\" ><div id=\"panel-1338-1-0-0\" class=\"so-panel widget widget_sow-image panel-first-child panel-last-child\" data-index=\"2\" ><div class=\"wow fadeInLeft panel-widget-style panel-widget-style-for-1338-1-0-0\" data-wow-offset=\"10\" data-wow-iteration=\"1\" ><div\n\t\t\t\n\t\t\tclass=\"so-widget-sow-image so-widget-sow-image-default-d6014b76747a-1338\"\n\t\t\t\n\t\t>\n\n<div class=\"sow-image-container\">\n\t\t<img decoding=\"async\" src=\"https:\/\/www.wxw.sk\/wp-content\/uploads\/2022\/01\/2-e1643032647347.jpg\" width=\"2500\" height=\"1666\" sizes=\"(max-width: 2500px) 100vw, 2500px\" title=\"2\" alt=\"\" \t\tclass=\"so-widget-image\"\/>\n\t<\/div>\n\n<\/div><\/div><\/div><\/div><div id=\"pgc-1338-1-1\"  class=\"panel-grid-cell\" ><div id=\"panel-1338-1-1-0\" class=\"so-panel widget widget_sow-image panel-first-child panel-last-child\" data-index=\"3\" ><div class=\"wow fadeInRight panel-widget-style panel-widget-style-for-1338-1-1-0\" data-wow-offset=\"10\" data-wow-iteration=\"1\" ><div\n\t\t\t\n\t\t\tclass=\"so-widget-sow-image so-widget-sow-image-default-d6014b76747a-1338\"\n\t\t\t\n\t\t>\n\n<div class=\"sow-image-container\">\n\t\t<img decoding=\"async\" src=\"https:\/\/www.wxw.sk\/wp-content\/uploads\/2022\/02\/HR-DE.png\" width=\"1080\" height=\"1080\" srcset=\"https:\/\/www.wxw.sk\/wp-content\/uploads\/2022\/02\/HR-DE.png 1080w, https:\/\/www.wxw.sk\/wp-content\/uploads\/2022\/02\/HR-DE-300x300.png 300w, https:\/\/www.wxw.sk\/wp-content\/uploads\/2022\/02\/HR-DE-1024x1024.png 1024w, https:\/\/www.wxw.sk\/wp-content\/uploads\/2022\/02\/HR-DE-150x150.png 150w, https:\/\/www.wxw.sk\/wp-content\/uploads\/2022\/02\/HR-DE-768x768.png 768w, https:\/\/www.wxw.sk\/wp-content\/uploads\/2022\/02\/HR-DE-480x480.png 480w, https:\/\/www.wxw.sk\/wp-content\/uploads\/2022\/02\/HR-DE-992x992.png 992w\" sizes=\"(max-width: 1080px) 100vw, 1080px\" alt=\"\" \t\tclass=\"so-widget-image\"\/>\n\t<\/div>\n\n<\/div><\/div><\/div><\/div><\/div><\/div><div id=\"pg-1338-2\"  class=\"panel-grid panel-has-style\" ><div class=\"siteorigin-panels-stretch panel-row-style panel-row-style-for-1338-2\" data-stretch-type=\"full-stretched-padded\" ><div id=\"pgc-1338-2-0\"  class=\"panel-grid-cell\" ><div id=\"panel-1338-2-0-0\" class=\"so-panel widget widget_sow-editor panel-first-child panel-last-child\" data-index=\"4\" ><div class=\"panel-widget-style panel-widget-style-for-1338-2-0-0\" ><div\n\t\t\t\n\t\t\tclass=\"so-widget-sow-editor so-widget-sow-editor-base\"\n\t\t\t\n\t\t>\n<div class=\"siteorigin-widget-tinymce textwidget\">\n\t<section class=\"content-section panel-contact-form\">\n  <div class=\"container\">\n    <article>\n      <div class=\"two-side-wrapper\">\n        <div class=\"left-side\" data-aos=\"fade-right\">\n          <header class=\"content-section-header\">\n            <h2 class=\"content-section-title\">Kontakt Formular<\/h2>\n            <p>In mehreren europ\u00e4ischen L\u00e4ndern, in denen wir Niederlassungen haben, erbringen wir umfassende Dienstleistungen f\u00fcr unser Personalvermittlun.<\/p>\n          <\/header>\n        <\/div>\n        <div class=\"right-side\" data-aos=\"fade-up\">\n          <div class=\"contact-form-container\">\n            <form class=\"contact form-theme-dark\" action=\"https:\/\/www.wxw.sk\/wp-content\/themes\/wxw\/forms\/contact\/send.php\" method=\"post\" data-js-callback=\"site.submitGeneralForm\">\n  <div class=\"inner\">\n    <fieldset>\n      <div class=\"columns-wrapper\">\n        <div class=\"column full-width\">\n          <div class=\"form-control-group has-effect\">\n            <label class=\"form-control-label\">Vorname Nachname<\/label>\n            <div class=\"input-wrapper\">\n              <input type=\"text\" name=\"full-name\" class=\"form-control\" title=\"\" placeholder=\"\" required>\n            <\/div>\n            <div class=\"form-control-error\" data-rel=\"full-name\">Geben Sie Ihren vollst\u00e4ndigen Namen ein.<\/div>\n          <\/div>\n        <\/div>\n        <div class=\"column\">\n          <div class=\"form-control-group has-effect\">\n            <label class=\"form-control-label\">E-mail<\/label>\n            <div class=\"input-wrapper\">\n              <input type=\"email\" name=\"email\" class=\"form-control\" title=\"\" placeholder=\"\" required>\n            <\/div>\n            <div class=\"form-control-error\" data-rel=\"email\">Geben sie ihre E-Mailadresse ein.<\/div>\n          <\/div>\n        <\/div>\n        <div class=\"column\">\n          <div class=\"form-control-group has-effect\">\n            <label class=\"form-control-label\">Telefon<\/label>\n            <div class=\"input-wrapper\">\n              <input type=\"tel\" name=\"phone\" class=\"form-control\" title=\"\" placeholder=\"\" required>\n            <\/div>\n            <div class=\"form-control-error\" data-rel=\"phone\">Trage deine Telefonnummer ein.<\/div>\n          <\/div>\n        <\/div>\n        <div class=\"column full-width\">\n          <div class=\"form-control-group has-effect\">\n            <label class=\"form-control-label\">Eine Nachricht<\/label>\n            <div class=\"input-wrapper\">\n              <textarea name=\"message\" class=\"form-control\" title=\"\" placeholder=\"\" required><\/textarea>\n            <\/div>\n            <div class=\"form-control-error\" data-rel=\"message\">Schreiben Sie uns eine Nachricht.<\/div>\n          <\/div>\n        <\/div>\n      <\/div>\n    <\/fieldset>\n    <div class=\"buttons-container\">\n      <div class=\"left-side\">\n        <div class=\"form-control-group checkbox\">\n          <label class=\"checkbox\">\n            <input type=\"checkbox\" name=\"terms\" value=\"1\" title=\"\" required>\n            <span>Ich stimme der <a href=\"https:\/\/www.wxw.sk\/gdpr\/\" title=\"\"> Verarbeitung personenbezogener Daten <\/a> zu<\/span>\n          <\/label>\n          <div class=\"form-control-error\" data-rel=\"terms\">Stimmen Sie der Verarbeitung personenbezogener Daten zu.<\/div>\n        <\/div>\n      <\/div>\n      <div class=\"right-side\">\n        <button type=\"submit\" name=\"submit\" class=\"button button-brand-color-2 button-has-icon\">SENDEN<span class=\"icon-arrow-right\"><\/span><\/button>\n      <\/div>\n    <\/div>\n  <\/div>\n  <input type=\"hidden\" name=\"view\" value=\"ajax\">\n  <input type=\"hidden\" name=\"action-name\" value=\"send\">\n    <input type=\"hidden\" name=\"page\" value=\"https:\/\/www.wxw.sk\/de\/wp-json\/wp\/v2\/pages\/1338\">\n  <input type=\"hidden\" name=\"lang\" value=\"de\">\n  <input type=\"hidden\" name=\"recaptcha_response\" class=\"g-recaptcha\" data-key=\"6LdfLx8eAAAAAOA3O_I0XWGqLJEff3JSbB1gLA2D\">\n  <div class=\"overlay\">\n    <div class=\"content\">\n      <p>Schicke Nachricht ....<\/p>\n      <img decoding=\"async\" src=\"https:\/\/www.wxw.sk\/wp-content\/themes\/wxw\/img\/loader-light.svg\" alt=\"\" class=\"loader\">\n    <\/div>\n  <\/div>\n<\/form>          <\/div>\n        <\/div>\n      <\/div>\n    <\/article>\n  <\/div>\n<\/section>\n<\/div>\n<\/div><\/div><\/div><\/div><\/div><\/div><\/div>","protected":false},"excerpt":{"rendered":"<p>Wir k\u00fcmmern uns darum das Auswahlverfahren und die Eignung der Kandidaten basierend auf den Anforderungen eines bestimmten Arbeitgebers.<\/p>\n","protected":false},"author":3,"featured_media":110,"parent":0,"menu_order":0,"comment_status":"closed","ping_status":"closed","template":"","meta":{"footnotes":""},"class_list":["post-1338","page","type-page","status-publish","has-post-thumbnail","hentry"],"acf":[],"yoast_head":"<!-- This site is optimized with the Yoast SEO plugin v19.9 - https:\/\/yoast.com\/wordpress\/plugins\/seo\/ -->\n<title>HR Dienstleistungen - World of Work<\/title>\n<meta name=\"robots\" content=\"index, follow, max-snippet:-1, max-image-preview:large, max-video-preview:-1\" \/>\n<link rel=\"canonical\" href=\"https:\/\/www.wxw.sk\/de\/hr-dienstleistungen\/\" \/>\n<meta property=\"og:locale\" content=\"de_DE\" \/>\n<meta property=\"og:type\" content=\"article\" \/>\n<meta property=\"og:title\" content=\"HR Dienstleistungen - World of Work\" \/>\n<meta property=\"og:description\" content=\"Wir k\u00fcmmern uns darum das Auswahlverfahren und die Eignung der Kandidaten basierend auf den Anforderungen eines bestimmten Arbeitgebers.\" \/>\n<meta property=\"og:url\" content=\"https:\/\/www.wxw.sk\/de\/hr-dienstleistungen\/\" \/>\n<meta property=\"og:site_name\" content=\"World of Work\" \/>\n<meta property=\"article:modified_time\" content=\"2022-02-01T07:17:21+00:00\" \/>\n<meta property=\"og:image\" content=\"https:\/\/www.wxw.sk\/wp-content\/uploads\/2022\/01\/page.jpg\" \/>\n\t<meta property=\"og:image:width\" content=\"3200\" \/>\n\t<meta property=\"og:image:height\" content=\"1800\" \/>\n\t<meta property=\"og:image:type\" content=\"image\/jpeg\" \/>\n<meta name=\"twitter:card\" content=\"summary_large_image\" \/>\n<script type=\"application\/ld+json\" class=\"yoast-schema-graph\">{\"@context\":\"https:\/\/schema.org\",\"@graph\":[{\"@type\":\"WebPage\",\"@id\":\"https:\/\/www.wxw.sk\/de\/hr-dienstleistungen\/\",\"url\":\"https:\/\/www.wxw.sk\/de\/hr-dienstleistungen\/\",\"name\":\"HR Dienstleistungen - World of Work\",\"isPartOf\":{\"@id\":\"https:\/\/www.wxw.sk\/#website\"},\"datePublished\":\"2022-01-24T13:39:19+00:00\",\"dateModified\":\"2022-02-01T07:17:21+00:00\",\"breadcrumb\":{\"@id\":\"https:\/\/www.wxw.sk\/de\/hr-dienstleistungen\/#breadcrumb\"},\"inLanguage\":\"de\",\"potentialAction\":[{\"@type\":\"ReadAction\",\"target\":[\"https:\/\/www.wxw.sk\/de\/hr-dienstleistungen\/\"]}]},{\"@type\":\"BreadcrumbList\",\"@id\":\"https:\/\/www.wxw.sk\/de\/hr-dienstleistungen\/#breadcrumb\",\"itemListElement\":[{\"@type\":\"ListItem\",\"position\":1,\"name\":\"Domovsk\u00e1 str\u00e1nka\",\"item\":\"https:\/\/www.wxw.sk\/de\/\"},{\"@type\":\"ListItem\",\"position\":2,\"name\":\"HR Dienstleistungen\"}]},{\"@type\":\"WebSite\",\"@id\":\"https:\/\/www.wxw.sk\/#website\",\"url\":\"https:\/\/www.wxw.sk\/\",\"name\":\"World of Work\",\"description\":\"\",\"potentialAction\":[{\"@type\":\"SearchAction\",\"target\":{\"@type\":\"EntryPoint\",\"urlTemplate\":\"https:\/\/www.wxw.sk\/?s={search_term_string}\"},\"query-input\":\"required name=search_term_string\"}],\"inLanguage\":\"de\"}]}<\/script>\n<!-- \/ Yoast SEO plugin. -->","yoast_head_json":{"title":"HR Dienstleistungen - World of Work","robots":{"index":"index","follow":"follow","max-snippet":"max-snippet:-1","max-image-preview":"max-image-preview:large","max-video-preview":"max-video-preview:-1"},"canonical":"https:\/\/www.wxw.sk\/de\/hr-dienstleistungen\/","og_locale":"de_DE","og_type":"article","og_title":"HR Dienstleistungen - World of Work","og_description":"Wir k\u00fcmmern uns darum das Auswahlverfahren und die Eignung der Kandidaten basierend auf den Anforderungen eines bestimmten Arbeitgebers.","og_url":"https:\/\/www.wxw.sk\/de\/hr-dienstleistungen\/","og_site_name":"World of Work","article_modified_time":"2022-02-01T07:17:21+00:00","og_image":[{"width":3200,"height":1800,"url":"https:\/\/www.wxw.sk\/wp-content\/uploads\/2022\/01\/page.jpg","type":"image\/jpeg"}],"twitter_card":"summary_large_image","schema":{"@context":"https:\/\/schema.org","@graph":[{"@type":"WebPage","@id":"https:\/\/www.wxw.sk\/de\/hr-dienstleistungen\/","url":"https:\/\/www.wxw.sk\/de\/hr-dienstleistungen\/","name":"HR Dienstleistungen - World of Work","isPartOf":{"@id":"https:\/\/www.wxw.sk\/#website"},"datePublished":"2022-01-24T13:39:19+00:00","dateModified":"2022-02-01T07:17:21+00:00","breadcrumb":{"@id":"https:\/\/www.wxw.sk\/de\/hr-dienstleistungen\/#breadcrumb"},"inLanguage":"de","potentialAction":[{"@type":"ReadAction","target":["https:\/\/www.wxw.sk\/de\/hr-dienstleistungen\/"]}]},{"@type":"BreadcrumbList","@id":"https:\/\/www.wxw.sk\/de\/hr-dienstleistungen\/#breadcrumb","itemListElement":[{"@type":"ListItem","position":1,"name":"Domovsk\u00e1 str\u00e1nka","item":"https:\/\/www.wxw.sk\/de\/"},{"@type":"ListItem","position":2,"name":"HR Dienstleistungen"}]},{"@type":"WebSite","@id":"https:\/\/www.wxw.sk\/#website","url":"https:\/\/www.wxw.sk\/","name":"World of Work","description":"","potentialAction":[{"@type":"SearchAction","target":{"@type":"EntryPoint","urlTemplate":"https:\/\/www.wxw.sk\/?s={search_term_string}"},"query-input":"required name=search_term_string"}],"inLanguage":"de"}]}},"_links":{"self":[{"href":"https:\/\/www.wxw.sk\/de\/wp-json\/wp\/v2\/pages\/1338","targetHints":{"allow":["GET"]}}],"collection":[{"href":"https:\/\/www.wxw.sk\/de\/wp-json\/wp\/v2\/pages"}],"about":[{"href":"https:\/\/www.wxw.sk\/de\/wp-json\/wp\/v2\/types\/page"}],"author":[{"embeddable":true,"href":"https:\/\/www.wxw.sk\/de\/wp-json\/wp\/v2\/users\/3"}],"replies":[{"embeddable":true,"href":"https:\/\/www.wxw.sk\/de\/wp-json\/wp\/v2\/comments?post=1338"}],"version-history":[{"count":3,"href":"https:\/\/www.wxw.sk\/de\/wp-json\/wp\/v2\/pages\/1338\/revisions"}],"predecessor-version":[{"id":1344,"href":"https:\/\/www.wxw.sk\/de\/wp-json\/wp\/v2\/pages\/1338\/revisions\/1344"}],"wp:featuredmedia":[{"embeddable":true,"href":"https:\/\/www.wxw.sk\/de\/wp-json\/wp\/v2\/media\/110"}],"wp:attachment":[{"href":"https:\/\/www.wxw.sk\/de\/wp-json\/wp\/v2\/media?parent=1338"}],"curies":[{"name":"wp","href":"https:\/\/api.w.org\/{rel}","templated":true}]}}