{"id":1345,"date":"2022-01-24T14:23:08","date_gmt":"2022-01-24T14:23:08","guid":{"rendered":"https:\/\/www.wxw.sk\/docasne-zamestnavania\/"},"modified":"2022-02-01T07:26:44","modified_gmt":"2022-02-01T07:26:44","slug":"zeitarbeit","status":"publish","type":"page","link":"https:\/\/www.wxw.sk\/de\/zeitarbeit\/","title":{"rendered":"Zeitarbeit"},"content":{"rendered":"<div id=\"pl-1345\"  class=\"panel-layout\" ><div id=\"pg-1345-0\"  class=\"panel-grid panel-has-style\" ><div class=\"panel-row-style panel-row-style-for-1345-0\" ><div id=\"pgc-1345-0-0\"  class=\"panel-grid-cell\" ><div id=\"panel-1345-0-0-0\" class=\"so-panel widget widget_sow-editor panel-first-child panel-last-child\" data-index=\"0\" ><div class=\"wow fadeInLeft panel-widget-style panel-widget-style-for-1345-0-0-0\" data-wow-offset=\"10\" data-wow-iteration=\"1\" ><div\n\t\t\t\n\t\t\tclass=\"so-widget-sow-editor so-widget-sow-editor-base\"\n\t\t\t\n\t\t>\n<div class=\"siteorigin-widget-tinymce textwidget\">\n\t<h3>Das Zeitarbeitsunternehmen darf dies nur <span class=\"red-font\">aufgrund einer schriftlichen Vereinbarung<\/span>, mit dem Arbeitnehmer, die die Besch\u00e4ftigungsbedingugnen im Arbeitsvertrag festlegt.<\/h3>\n<\/div>\n<\/div><\/div><\/div><\/div><div id=\"pgc-1345-0-1\"  class=\"panel-grid-cell\" ><div id=\"panel-1345-0-1-0\" class=\"so-panel widget widget_sow-image panel-first-child panel-last-child\" data-index=\"1\" ><div class=\"wow fadeInRight panel-widget-style panel-widget-style-for-1345-0-1-0\" data-wow-offset=\"10\" data-wow-iteration=\"1\" ><div\n\t\t\t\n\t\t\tclass=\"so-widget-sow-image so-widget-sow-image-default-d6014b76747a-1345\"\n\t\t\t\n\t\t>\n\n<div class=\"sow-image-container\">\n\t\t<img decoding=\"async\" src=\"https:\/\/www.wxw.sk\/wp-content\/uploads\/2022\/01\/pickawood-_l9Znw_mxgs-unsplash.png\" width=\"2500\" height=\"1666\" srcset=\"https:\/\/www.wxw.sk\/wp-content\/uploads\/2022\/01\/pickawood-_l9Znw_mxgs-unsplash.png 2500w, https:\/\/www.wxw.sk\/wp-content\/uploads\/2022\/01\/pickawood-_l9Znw_mxgs-unsplash-300x200.png 300w, https:\/\/www.wxw.sk\/wp-content\/uploads\/2022\/01\/pickawood-_l9Znw_mxgs-unsplash-1024x682.png 1024w, https:\/\/www.wxw.sk\/wp-content\/uploads\/2022\/01\/pickawood-_l9Znw_mxgs-unsplash-768x512.png 768w, https:\/\/www.wxw.sk\/wp-content\/uploads\/2022\/01\/pickawood-_l9Znw_mxgs-unsplash-1536x1024.png 1536w, https:\/\/www.wxw.sk\/wp-content\/uploads\/2022\/01\/pickawood-_l9Znw_mxgs-unsplash-2048x1365.png 2048w, https:\/\/www.wxw.sk\/wp-content\/uploads\/2022\/01\/pickawood-_l9Znw_mxgs-unsplash-480x320.png 480w, https:\/\/www.wxw.sk\/wp-content\/uploads\/2022\/01\/pickawood-_l9Znw_mxgs-unsplash-992x661.png 992w, https:\/\/www.wxw.sk\/wp-content\/uploads\/2022\/01\/pickawood-_l9Znw_mxgs-unsplash-1200x800.png 1200w, https:\/\/www.wxw.sk\/wp-content\/uploads\/2022\/01\/pickawood-_l9Znw_mxgs-unsplash-272x182.png 272w\" sizes=\"(max-width: 2500px) 100vw, 2500px\" alt=\"\" \t\tclass=\"so-widget-image\"\/>\n\t<\/div>\n\n<\/div><\/div><\/div><\/div><\/div><\/div><div id=\"pg-1345-1\"  class=\"panel-grid panel-has-style\" ><div class=\"siteorigin-panels-stretch panel-row-style panel-row-style-for-1345-1\" data-stretch-type=\"full\" ><div id=\"pgc-1345-1-0\"  class=\"panel-grid-cell panel-grid-cell-empty\" ><\/div><div id=\"pgc-1345-1-1\"  class=\"panel-grid-cell panel-grid-cell-mobile-last\" ><div id=\"panel-1345-1-1-0\" class=\"so-panel widget widget_sow-image panel-first-child\" data-index=\"2\" ><div class=\"wow fadeInDown panel-widget-style panel-widget-style-for-1345-1-1-0\" data-wow-offset=\"10\" data-wow-iteration=\"1\" ><div\n\t\t\t\n\t\t\tclass=\"so-widget-sow-image so-widget-sow-image-default-d6014b76747a-1345\"\n\t\t\t\n\t\t>\n\n<div class=\"sow-image-container\">\n\t\t<img decoding=\"async\" src=\"https:\/\/www.wxw.sk\/wp-content\/uploads\/2022\/02\/DE-temporary-staffing.png\" width=\"2257\" height=\"875\" srcset=\"https:\/\/www.wxw.sk\/wp-content\/uploads\/2022\/02\/DE-temporary-staffing.png 2257w, https:\/\/www.wxw.sk\/wp-content\/uploads\/2022\/02\/DE-temporary-staffing-300x116.png 300w, https:\/\/www.wxw.sk\/wp-content\/uploads\/2022\/02\/DE-temporary-staffing-1024x397.png 1024w, https:\/\/www.wxw.sk\/wp-content\/uploads\/2022\/02\/DE-temporary-staffing-768x298.png 768w, https:\/\/www.wxw.sk\/wp-content\/uploads\/2022\/02\/DE-temporary-staffing-1536x595.png 1536w, https:\/\/www.wxw.sk\/wp-content\/uploads\/2022\/02\/DE-temporary-staffing-2048x794.png 2048w, https:\/\/www.wxw.sk\/wp-content\/uploads\/2022\/02\/DE-temporary-staffing-480x186.png 480w, https:\/\/www.wxw.sk\/wp-content\/uploads\/2022\/02\/DE-temporary-staffing-992x385.png 992w, https:\/\/www.wxw.sk\/wp-content\/uploads\/2022\/02\/DE-temporary-staffing-1200x465.png 1200w\" sizes=\"(max-width: 2257px) 100vw, 2257px\" alt=\"\" \t\tclass=\"so-widget-image\"\/>\n\t<\/div>\n\n<\/div><\/div><\/div><div id=\"panel-1345-1-1-1\" class=\"so-panel widget widget_siteorigin-panels-builder panel-last-child\" data-index=\"3\" ><div class=\"wow fadeInUp panel-widget-style panel-widget-style-for-1345-1-1-1\" data-wow-offset=\"10\" data-wow-iteration=\"1\" ><div id=\"pl-w61f8dfeb2dc1b\"  class=\"panel-layout\" ><div id=\"pg-w61f8dfeb2dc1b-0\"  class=\"panel-grid panel-no-style\" ><div id=\"pgc-w61f8dfeb2dc1b-0-0\"  class=\"panel-grid-cell panel-grid-cell-mobile-last\" ><div id=\"panel-w61f8dfeb2dc1b-0-0-0\" class=\"so-panel widget widget_sow-editor panel-first-child panel-last-child\" data-index=\"0\" ><div\n\t\t\t\n\t\t\tclass=\"so-widget-sow-editor so-widget-sow-editor-base\"\n\t\t\t\n\t\t>\n<div class=\"siteorigin-widget-tinymce textwidget\">\n\t<p><span style=\"color:#fff\"><\/p>\n<h4>Die Zeitarbeit ist eine flexible Besch\u00e4ftigungsform, die auf einen effizienten Einsatz der Humanressourcen abzielt. <\/h4>\n<p>Zeitarbeit ist in verschiedenen Branchen (z.B. Logistik, Fertigung, Maschinenbau, IT) beliebt, weil sie die M\u00f6glichkeit bietet, Mitarbeiter sofort einzustellen ohne die eigenen Kapazit\u00e4ten zu erh\u00f6hen.<\/span><\/p>\n<\/div>\n<\/div><\/div><\/div><div id=\"pgc-w61f8dfeb2dc1b-0-1\"  class=\"panel-grid-cell panel-grid-cell-empty\" ><\/div><\/div><\/div><\/div><\/div><\/div><div id=\"pgc-1345-1-2\"  class=\"panel-grid-cell panel-grid-cell-empty\" ><\/div><\/div><\/div><div id=\"pg-1345-2\"  class=\"panel-grid panel-has-style\" ><div class=\"panel-row-style panel-row-style-for-1345-2\" ><div id=\"pgc-1345-2-0\"  class=\"panel-grid-cell panel-grid-cell-empty\" ><\/div><div id=\"pgc-1345-2-1\"  class=\"panel-grid-cell panel-grid-cell-mobile-last\" ><div id=\"panel-1345-2-1-0\" class=\"so-panel widget widget_sow-editor panel-first-child panel-last-child\" data-index=\"4\" ><div class=\"wow fadeInUp panel-widget-style panel-widget-style-for-1345-2-1-0\" data-wow-offset=\"10\" data-wow-iteration=\"1\" ><div\n\t\t\t\n\t\t\tclass=\"so-widget-sow-editor so-widget-sow-editor-base\"\n\t\t\t\n\t\t>\n<div class=\"siteorigin-widget-tinymce textwidget\">\n\t<h3 style=\"text-align: center;\"><span class=\"red-font\">Lizenzierte Arbeitsvermittlung. <\/span>Professionell, zuverl\u00e4ssig und flexibel.<\/h3>\n<\/div>\n<\/div><\/div><\/div><\/div><div id=\"pgc-1345-2-2\"  class=\"panel-grid-cell panel-grid-cell-empty\" ><\/div><\/div><\/div><div id=\"pg-1345-3\"  class=\"panel-grid panel-has-style\" ><div class=\"siteorigin-panels-stretch panel-row-style panel-row-style-for-1345-3\" data-stretch-type=\"full-stretched-padded\" ><div id=\"pgc-1345-3-0\"  class=\"panel-grid-cell\" ><div id=\"panel-1345-3-0-0\" class=\"so-panel widget widget_sow-editor panel-first-child panel-last-child\" data-index=\"5\" ><div class=\"wow fadeInUp panel-widget-style panel-widget-style-for-1345-3-0-0\" data-wow-offset=\"10\" data-wow-iteration=\"1\" ><div\n\t\t\t\n\t\t\tclass=\"so-widget-sow-editor so-widget-sow-editor-base\"\n\t\t\t\n\t\t>\n<div class=\"siteorigin-widget-tinymce textwidget\">\n\t<section class=\"content-section panel-contact-form\">\n  <div class=\"container\">\n    <article>\n      <div class=\"two-side-wrapper\">\n        <div class=\"left-side\" data-aos=\"fade-right\">\n          <header class=\"content-section-header\">\n            <h2 class=\"content-section-title\">Kontakt Formular<\/h2>\n            <p>In mehreren europ\u00e4ischen L\u00e4ndern, in denen wir Niederlassungen haben, erbringen wir umfassende Dienstleistungen f\u00fcr unser Personalvermittlun.<\/p>\n          <\/header>\n        <\/div>\n        <div class=\"right-side\" data-aos=\"fade-up\">\n          <div class=\"contact-form-container\">\n            <form class=\"contact form-theme-dark\" action=\"https:\/\/www.wxw.sk\/wp-content\/themes\/wxw\/forms\/contact\/send.php\" method=\"post\" data-js-callback=\"site.submitGeneralForm\">\n  <div class=\"inner\">\n    <fieldset>\n      <div class=\"columns-wrapper\">\n        <div class=\"column full-width\">\n          <div class=\"form-control-group has-effect\">\n            <label class=\"form-control-label\">Vorname Nachname<\/label>\n            <div class=\"input-wrapper\">\n              <input type=\"text\" name=\"full-name\" class=\"form-control\" title=\"\" placeholder=\"\" required>\n            <\/div>\n            <div class=\"form-control-error\" data-rel=\"full-name\">Geben Sie Ihren vollst\u00e4ndigen Namen ein.<\/div>\n          <\/div>\n        <\/div>\n        <div class=\"column\">\n          <div class=\"form-control-group has-effect\">\n            <label class=\"form-control-label\">E-mail<\/label>\n            <div class=\"input-wrapper\">\n              <input type=\"email\" name=\"email\" class=\"form-control\" title=\"\" placeholder=\"\" required>\n            <\/div>\n            <div class=\"form-control-error\" data-rel=\"email\">Geben sie ihre E-Mailadresse ein.<\/div>\n          <\/div>\n        <\/div>\n        <div class=\"column\">\n          <div class=\"form-control-group has-effect\">\n            <label class=\"form-control-label\">Telefon<\/label>\n            <div class=\"input-wrapper\">\n              <input type=\"tel\" name=\"phone\" class=\"form-control\" title=\"\" placeholder=\"\" required>\n            <\/div>\n            <div class=\"form-control-error\" data-rel=\"phone\">Trage deine Telefonnummer ein.<\/div>\n          <\/div>\n        <\/div>\n        <div class=\"column full-width\">\n          <div class=\"form-control-group has-effect\">\n            <label class=\"form-control-label\">Eine Nachricht<\/label>\n            <div class=\"input-wrapper\">\n              <textarea name=\"message\" class=\"form-control\" title=\"\" placeholder=\"\" required><\/textarea>\n            <\/div>\n            <div class=\"form-control-error\" data-rel=\"message\">Schreiben Sie uns eine Nachricht.<\/div>\n          <\/div>\n        <\/div>\n      <\/div>\n    <\/fieldset>\n    <div class=\"buttons-container\">\n      <div class=\"left-side\">\n        <div class=\"form-control-group checkbox\">\n          <label class=\"checkbox\">\n            <input type=\"checkbox\" name=\"terms\" value=\"1\" title=\"\" required>\n            <span>Ich stimme der <a href=\"https:\/\/www.wxw.sk\/gdpr\/\" title=\"\"> Verarbeitung personenbezogener Daten <\/a> zu<\/span>\n          <\/label>\n          <div class=\"form-control-error\" data-rel=\"terms\">Stimmen Sie der Verarbeitung personenbezogener Daten zu.<\/div>\n        <\/div>\n      <\/div>\n      <div class=\"right-side\">\n        <button type=\"submit\" name=\"submit\" class=\"button button-brand-color-2 button-has-icon\">SENDEN<span class=\"icon-arrow-right\"><\/span><\/button>\n      <\/div>\n    <\/div>\n  <\/div>\n  <input type=\"hidden\" name=\"view\" value=\"ajax\">\n  <input type=\"hidden\" name=\"action-name\" value=\"send\">\n    <input type=\"hidden\" name=\"page\" value=\"https:\/\/www.wxw.sk\/de\/wp-json\/wp\/v2\/pages\/1345\">\n  <input type=\"hidden\" name=\"lang\" value=\"de\">\n  <input type=\"hidden\" name=\"recaptcha_response\" class=\"g-recaptcha\" data-key=\"6LdfLx8eAAAAAOA3O_I0XWGqLJEff3JSbB1gLA2D\">\n  <div class=\"overlay\">\n    <div class=\"content\">\n      <p>Schicke Nachricht ....<\/p>\n      <img decoding=\"async\" src=\"https:\/\/www.wxw.sk\/wp-content\/themes\/wxw\/img\/loader-light.svg\" alt=\"\" class=\"loader\">\n    <\/div>\n  <\/div>\n<\/form>          <\/div>\n        <\/div>\n      <\/div>\n    <\/article>\n  <\/div>\n<\/section>\n<\/div>\n<\/div><\/div><\/div><\/div><\/div><\/div><\/div>","protected":false},"excerpt":{"rendered":"<p>Arbeitnehmer\u00fcberlassung oder Arbeitnehmer\u00fcberlassung nach dem Arbeitsgesetzbuch (\u00a758) bedeutet, dass der Arbeitgeber oder das Zeitarbeitsunternehmen mit dem besch\u00e4ftigten Arbeitnehmer schriftlich vereinbaren kann, ihn vor\u00fcbergehend zur Arbeitsleistung f\u00fcr den entleihenden Arbeitgeber einzusetzen. <\/p>\n","protected":false},"author":3,"featured_media":838,"parent":0,"menu_order":0,"comment_status":"closed","ping_status":"closed","template":"","meta":{"footnotes":""},"class_list":["post-1345","page","type-page","status-publish","has-post-thumbnail","hentry"],"acf":[],"yoast_head":"<!-- This site is optimized with the Yoast SEO plugin v19.9 - https:\/\/yoast.com\/wordpress\/plugins\/seo\/ -->\n<title>Zeitarbeit - World of Work<\/title>\n<meta name=\"robots\" content=\"index, follow, max-snippet:-1, max-image-preview:large, max-video-preview:-1\" \/>\n<link rel=\"canonical\" href=\"https:\/\/www.wxw.sk\/de\/zeitarbeit\/\" \/>\n<meta property=\"og:locale\" content=\"de_DE\" \/>\n<meta property=\"og:type\" content=\"article\" \/>\n<meta property=\"og:title\" content=\"Zeitarbeit - World of Work\" \/>\n<meta property=\"og:description\" content=\"Arbeitnehmer\u00fcberlassung oder Arbeitnehmer\u00fcberlassung nach dem Arbeitsgesetzbuch (\u00a758) bedeutet, dass der Arbeitgeber oder das Zeitarbeitsunternehmen mit dem besch\u00e4ftigten Arbeitnehmer schriftlich vereinbaren kann, ihn vor\u00fcbergehend zur Arbeitsleistung f\u00fcr den entleihenden Arbeitgeber einzusetzen.\" \/>\n<meta property=\"og:url\" content=\"https:\/\/www.wxw.sk\/de\/zeitarbeit\/\" \/>\n<meta property=\"og:site_name\" content=\"World of Work\" \/>\n<meta property=\"article:modified_time\" content=\"2022-02-01T07:26:44+00:00\" \/>\n<meta property=\"og:image\" content=\"https:\/\/www.wxw.sk\/wp-content\/uploads\/2022\/01\/Hero-free_rect.jpg\" \/>\n\t<meta property=\"og:image:width\" content=\"3200\" \/>\n\t<meta property=\"og:image:height\" content=\"1800\" \/>\n\t<meta property=\"og:image:type\" content=\"image\/jpeg\" \/>\n<meta name=\"twitter:card\" content=\"summary_large_image\" \/>\n<script type=\"application\/ld+json\" class=\"yoast-schema-graph\">{\"@context\":\"https:\/\/schema.org\",\"@graph\":[{\"@type\":\"WebPage\",\"@id\":\"https:\/\/www.wxw.sk\/de\/zeitarbeit\/\",\"url\":\"https:\/\/www.wxw.sk\/de\/zeitarbeit\/\",\"name\":\"Zeitarbeit - World of Work\",\"isPartOf\":{\"@id\":\"https:\/\/www.wxw.sk\/#website\"},\"datePublished\":\"2022-01-24T14:23:08+00:00\",\"dateModified\":\"2022-02-01T07:26:44+00:00\",\"breadcrumb\":{\"@id\":\"https:\/\/www.wxw.sk\/de\/zeitarbeit\/#breadcrumb\"},\"inLanguage\":\"de\",\"potentialAction\":[{\"@type\":\"ReadAction\",\"target\":[\"https:\/\/www.wxw.sk\/de\/zeitarbeit\/\"]}]},{\"@type\":\"BreadcrumbList\",\"@id\":\"https:\/\/www.wxw.sk\/de\/zeitarbeit\/#breadcrumb\",\"itemListElement\":[{\"@type\":\"ListItem\",\"position\":1,\"name\":\"Domovsk\u00e1 str\u00e1nka\",\"item\":\"https:\/\/www.wxw.sk\/de\/\"},{\"@type\":\"ListItem\",\"position\":2,\"name\":\"Zeitarbeit\"}]},{\"@type\":\"WebSite\",\"@id\":\"https:\/\/www.wxw.sk\/#website\",\"url\":\"https:\/\/www.wxw.sk\/\",\"name\":\"World of Work\",\"description\":\"\",\"potentialAction\":[{\"@type\":\"SearchAction\",\"target\":{\"@type\":\"EntryPoint\",\"urlTemplate\":\"https:\/\/www.wxw.sk\/?s={search_term_string}\"},\"query-input\":\"required name=search_term_string\"}],\"inLanguage\":\"de\"}]}<\/script>\n<!-- \/ Yoast SEO plugin. -->","yoast_head_json":{"title":"Zeitarbeit - World of Work","robots":{"index":"index","follow":"follow","max-snippet":"max-snippet:-1","max-image-preview":"max-image-preview:large","max-video-preview":"max-video-preview:-1"},"canonical":"https:\/\/www.wxw.sk\/de\/zeitarbeit\/","og_locale":"de_DE","og_type":"article","og_title":"Zeitarbeit - World of Work","og_description":"Arbeitnehmer\u00fcberlassung oder Arbeitnehmer\u00fcberlassung nach dem Arbeitsgesetzbuch (\u00a758) bedeutet, dass der Arbeitgeber oder das Zeitarbeitsunternehmen mit dem besch\u00e4ftigten Arbeitnehmer schriftlich vereinbaren kann, ihn vor\u00fcbergehend zur Arbeitsleistung f\u00fcr den entleihenden Arbeitgeber einzusetzen.","og_url":"https:\/\/www.wxw.sk\/de\/zeitarbeit\/","og_site_name":"World of Work","article_modified_time":"2022-02-01T07:26:44+00:00","og_image":[{"width":3200,"height":1800,"url":"https:\/\/www.wxw.sk\/wp-content\/uploads\/2022\/01\/Hero-free_rect.jpg","type":"image\/jpeg"}],"twitter_card":"summary_large_image","schema":{"@context":"https:\/\/schema.org","@graph":[{"@type":"WebPage","@id":"https:\/\/www.wxw.sk\/de\/zeitarbeit\/","url":"https:\/\/www.wxw.sk\/de\/zeitarbeit\/","name":"Zeitarbeit - World of Work","isPartOf":{"@id":"https:\/\/www.wxw.sk\/#website"},"datePublished":"2022-01-24T14:23:08+00:00","dateModified":"2022-02-01T07:26:44+00:00","breadcrumb":{"@id":"https:\/\/www.wxw.sk\/de\/zeitarbeit\/#breadcrumb"},"inLanguage":"de","potentialAction":[{"@type":"ReadAction","target":["https:\/\/www.wxw.sk\/de\/zeitarbeit\/"]}]},{"@type":"BreadcrumbList","@id":"https:\/\/www.wxw.sk\/de\/zeitarbeit\/#breadcrumb","itemListElement":[{"@type":"ListItem","position":1,"name":"Domovsk\u00e1 str\u00e1nka","item":"https:\/\/www.wxw.sk\/de\/"},{"@type":"ListItem","position":2,"name":"Zeitarbeit"}]},{"@type":"WebSite","@id":"https:\/\/www.wxw.sk\/#website","url":"https:\/\/www.wxw.sk\/","name":"World of Work","description":"","potentialAction":[{"@type":"SearchAction","target":{"@type":"EntryPoint","urlTemplate":"https:\/\/www.wxw.sk\/?s={search_term_string}"},"query-input":"required name=search_term_string"}],"inLanguage":"de"}]}},"_links":{"self":[{"href":"https:\/\/www.wxw.sk\/de\/wp-json\/wp\/v2\/pages\/1345","targetHints":{"allow":["GET"]}}],"collection":[{"href":"https:\/\/www.wxw.sk\/de\/wp-json\/wp\/v2\/pages"}],"about":[{"href":"https:\/\/www.wxw.sk\/de\/wp-json\/wp\/v2\/types\/page"}],"author":[{"embeddable":true,"href":"https:\/\/www.wxw.sk\/de\/wp-json\/wp\/v2\/users\/3"}],"replies":[{"embeddable":true,"href":"https:\/\/www.wxw.sk\/de\/wp-json\/wp\/v2\/comments?post=1345"}],"version-history":[{"count":7,"href":"https:\/\/www.wxw.sk\/de\/wp-json\/wp\/v2\/pages\/1345\/revisions"}],"predecessor-version":[{"id":1355,"href":"https:\/\/www.wxw.sk\/de\/wp-json\/wp\/v2\/pages\/1345\/revisions\/1355"}],"wp:featuredmedia":[{"embeddable":true,"href":"https:\/\/www.wxw.sk\/de\/wp-json\/wp\/v2\/media\/838"}],"wp:attachment":[{"href":"https:\/\/www.wxw.sk\/de\/wp-json\/wp\/v2\/media?parent=1345"}],"curies":[{"name":"wp","href":"https:\/\/api.w.org\/{rel}","templated":true}]}}