{"id":1356,"date":"2022-01-25T08:14:02","date_gmt":"2022-01-25T08:14:02","guid":{"rendered":"https:\/\/www.wxw.sk\/personalny-manazment\/"},"modified":"2022-02-01T07:34:18","modified_gmt":"2022-02-01T07:34:18","slug":"personal-management","status":"publish","type":"page","link":"https:\/\/www.wxw.sk\/de\/personal-management\/","title":{"rendered":"Personal-management"},"content":{"rendered":"<div id=\"pl-1356\"  class=\"panel-layout\" ><div id=\"pg-1356-0\"  class=\"panel-grid panel-has-style\" ><div class=\"panel-row-style panel-row-style-for-1356-0\" ><div id=\"pgc-1356-0-0\"  class=\"panel-grid-cell\" ><div id=\"panel-1356-0-0-0\" class=\"so-panel widget widget_sow-editor panel-first-child panel-last-child\" data-index=\"0\" ><div class=\"wow fadeInDown panel-widget-style panel-widget-style-for-1356-0-0-0\" data-wow-offset=\"10\" data-wow-iteration=\"1\" ><div\n\t\t\t\n\t\t\tclass=\"so-widget-sow-editor so-widget-sow-editor-base\"\n\t\t\t\n\t\t>\n<div class=\"siteorigin-widget-tinymce textwidget\">\n\t<h2 style=\"font-size: 3.3em\"><span class=\"red-font\">Diese Personalstrategie<\/span> umfasst mehrere Aufgaben<\/h2>\n<p>Personalplanung, Stellen- und Stellenanalyse, Rekrutierung und Auswahl von Mitarbeitern, deren Einsatz, Karriere, Qualifizierung, Aus- und Weiterbildung, Motivation und Auszeichnung. Wir konzentrieren uns auch auf die L\u00f6sung von Arbeitsbedingungen und<\/p>\n<p>Beziehungen, ein Pesonalinformationssystem oder ein gesundes und sicheres Arbeitsumfeld. Wir holen aktuelle Informationen zum Arbeitsmarkt ein, analysieren die\u00a0 und wenden die dann im konkreten Unternehmen operativ an, um ein bestm\u00f6gliches Personalmanagement zu gew\u00e4hrleisten.<\/p>\n<\/div>\n<\/div><\/div><\/div><\/div><div id=\"pgc-1356-0-1\"  class=\"panel-grid-cell\" ><div id=\"panel-1356-0-1-0\" class=\"so-panel widget widget_sow-image panel-first-child panel-last-child\" data-index=\"1\" ><div class=\"wow fadeInRight panel-widget-style panel-widget-style-for-1356-0-1-0\" data-wow-offset=\"10\" data-wow-iteration=\"1\" ><div\n\t\t\t\n\t\t\tclass=\"so-widget-sow-image so-widget-sow-image-default-d6014b76747a-1356\"\n\t\t\t\n\t\t>\n\n<div class=\"sow-image-container\">\n\t\t<img decoding=\"async\" src=\"https:\/\/www.wxw.sk\/wp-content\/uploads\/2022\/01\/smiling-craftsman-with-electric-drill-e1643099949279.jpg\" width=\"1962\" height=\"1667\" srcset=\"https:\/\/www.wxw.sk\/wp-content\/uploads\/2022\/01\/smiling-craftsman-with-electric-drill-e1643099949279.jpg 1962w, https:\/\/www.wxw.sk\/wp-content\/uploads\/2022\/01\/smiling-craftsman-with-electric-drill-e1643099949279-300x255.jpg 300w, https:\/\/www.wxw.sk\/wp-content\/uploads\/2022\/01\/smiling-craftsman-with-electric-drill-e1643099949279-1024x870.jpg 1024w, https:\/\/www.wxw.sk\/wp-content\/uploads\/2022\/01\/smiling-craftsman-with-electric-drill-e1643099949279-768x653.jpg 768w, https:\/\/www.wxw.sk\/wp-content\/uploads\/2022\/01\/smiling-craftsman-with-electric-drill-e1643099949279-1536x1305.jpg 1536w, https:\/\/www.wxw.sk\/wp-content\/uploads\/2022\/01\/smiling-craftsman-with-electric-drill-e1643099949279-480x408.jpg 480w, https:\/\/www.wxw.sk\/wp-content\/uploads\/2022\/01\/smiling-craftsman-with-electric-drill-e1643099949279-992x843.jpg 992w, https:\/\/www.wxw.sk\/wp-content\/uploads\/2022\/01\/smiling-craftsman-with-electric-drill-e1643099949279-1200x1020.jpg 1200w\" sizes=\"(max-width: 1962px) 100vw, 1962px\" title=\"smiling-craftsman-with-electric-drill\" alt=\"\" \t\tclass=\"so-widget-image\"\/>\n\t<\/div>\n\n<\/div><\/div><\/div><\/div><\/div><\/div><div id=\"pg-1356-1\"  class=\"panel-grid panel-has-style\" ><div class=\"panel-row-style panel-row-style-for-1356-1\" ><div id=\"pgc-1356-1-0\"  class=\"panel-grid-cell panel-grid-cell-empty\" ><\/div><div id=\"pgc-1356-1-1\"  class=\"panel-grid-cell panel-grid-cell-mobile-last\" ><div id=\"panel-1356-1-1-0\" class=\"so-panel widget widget_sow-editor panel-first-child panel-last-child\" data-index=\"2\" ><div class=\"wow fadeInUp panel-widget-style panel-widget-style-for-1356-1-1-0\" data-wow-offset=\"10\" data-wow-iteration=\"1\" ><div\n\t\t\t\n\t\t\tclass=\"so-widget-sow-editor so-widget-sow-editor-base\"\n\t\t\t\n\t\t>\n<div class=\"siteorigin-widget-tinymce textwidget\">\n\t<h3 style=\"text-align: center;\">Unser Ziel ist nicht nur die richtige <span class=\"red-font\"> Ausarbeitung der Personalmanagemenstrategie,<\/span> sondern auch deren anschlie\u00dfende Umsetzung in die Praxis.<\/h3>\n<\/div>\n<\/div><\/div><\/div><\/div><div id=\"pgc-1356-1-2\"  class=\"panel-grid-cell panel-grid-cell-empty\" ><\/div><\/div><\/div><div id=\"pg-1356-2\"  class=\"panel-grid panel-has-style\" ><div class=\"siteorigin-panels-stretch panel-row-style panel-row-style-for-1356-2\" data-stretch-type=\"full-stretched-padded\" ><div id=\"pgc-1356-2-0\"  class=\"panel-grid-cell\" ><div id=\"panel-1356-2-0-0\" class=\"so-panel widget widget_sow-editor panel-first-child panel-last-child\" data-index=\"3\" ><div class=\"panel-widget-style panel-widget-style-for-1356-2-0-0\" ><div\n\t\t\t\n\t\t\tclass=\"so-widget-sow-editor so-widget-sow-editor-base\"\n\t\t\t\n\t\t>\n<div class=\"siteorigin-widget-tinymce textwidget\">\n\t<section class=\"content-section panel-contact-form\">\n  <div class=\"container\">\n    <article>\n      <div class=\"two-side-wrapper\">\n        <div class=\"left-side\" data-aos=\"fade-right\">\n          <header class=\"content-section-header\">\n            <h2 class=\"content-section-title\">Kontakt Formular<\/h2>\n            <p>In mehreren europ\u00e4ischen L\u00e4ndern, in denen wir Niederlassungen haben, erbringen wir umfassende Dienstleistungen f\u00fcr unser Personalvermittlun.<\/p>\n          <\/header>\n        <\/div>\n        <div class=\"right-side\" data-aos=\"fade-up\">\n          <div class=\"contact-form-container\">\n            <form class=\"contact form-theme-dark\" action=\"https:\/\/www.wxw.sk\/wp-content\/themes\/wxw\/forms\/contact\/send.php\" method=\"post\" data-js-callback=\"site.submitGeneralForm\">\n  <div class=\"inner\">\n    <fieldset>\n      <div class=\"columns-wrapper\">\n        <div class=\"column full-width\">\n          <div class=\"form-control-group has-effect\">\n            <label class=\"form-control-label\">Vorname Nachname<\/label>\n            <div class=\"input-wrapper\">\n              <input type=\"text\" name=\"full-name\" class=\"form-control\" title=\"\" placeholder=\"\" required>\n            <\/div>\n            <div class=\"form-control-error\" data-rel=\"full-name\">Geben Sie Ihren vollst\u00e4ndigen Namen ein.<\/div>\n          <\/div>\n        <\/div>\n        <div class=\"column\">\n          <div class=\"form-control-group has-effect\">\n            <label class=\"form-control-label\">E-mail<\/label>\n            <div class=\"input-wrapper\">\n              <input type=\"email\" name=\"email\" class=\"form-control\" title=\"\" placeholder=\"\" required>\n            <\/div>\n            <div class=\"form-control-error\" data-rel=\"email\">Geben sie ihre E-Mailadresse ein.<\/div>\n          <\/div>\n        <\/div>\n        <div class=\"column\">\n          <div class=\"form-control-group has-effect\">\n            <label class=\"form-control-label\">Telefon<\/label>\n            <div class=\"input-wrapper\">\n              <input type=\"tel\" name=\"phone\" class=\"form-control\" title=\"\" placeholder=\"\" required>\n            <\/div>\n            <div class=\"form-control-error\" data-rel=\"phone\">Trage deine Telefonnummer ein.<\/div>\n          <\/div>\n        <\/div>\n        <div class=\"column full-width\">\n          <div class=\"form-control-group has-effect\">\n            <label class=\"form-control-label\">Eine Nachricht<\/label>\n            <div class=\"input-wrapper\">\n              <textarea name=\"message\" class=\"form-control\" title=\"\" placeholder=\"\" required><\/textarea>\n            <\/div>\n            <div class=\"form-control-error\" data-rel=\"message\">Schreiben Sie uns eine Nachricht.<\/div>\n          <\/div>\n        <\/div>\n      <\/div>\n    <\/fieldset>\n    <div class=\"buttons-container\">\n      <div class=\"left-side\">\n        <div class=\"form-control-group checkbox\">\n          <label class=\"checkbox\">\n            <input type=\"checkbox\" name=\"terms\" value=\"1\" title=\"\" required>\n            <span>Ich stimme der <a href=\"https:\/\/www.wxw.sk\/gdpr\/\" title=\"\"> Verarbeitung personenbezogener Daten <\/a> zu<\/span>\n          <\/label>\n          <div class=\"form-control-error\" data-rel=\"terms\">Stimmen Sie der Verarbeitung personenbezogener Daten zu.<\/div>\n        <\/div>\n      <\/div>\n      <div class=\"right-side\">\n        <button type=\"submit\" name=\"submit\" class=\"button button-brand-color-2 button-has-icon\">SENDEN<span class=\"icon-arrow-right\"><\/span><\/button>\n      <\/div>\n    <\/div>\n  <\/div>\n  <input type=\"hidden\" name=\"view\" value=\"ajax\">\n  <input type=\"hidden\" name=\"action-name\" value=\"send\">\n    <input type=\"hidden\" name=\"page\" value=\"https:\/\/www.wxw.sk\/de\/wp-json\/wp\/v2\/pages\/1356\">\n  <input type=\"hidden\" name=\"lang\" value=\"de\">\n  <input type=\"hidden\" name=\"recaptcha_response\" class=\"g-recaptcha\" data-key=\"6LdfLx8eAAAAAOA3O_I0XWGqLJEff3JSbB1gLA2D\">\n  <div class=\"overlay\">\n    <div class=\"content\">\n      <p>Schicke Nachricht ....<\/p>\n      <img decoding=\"async\" src=\"https:\/\/www.wxw.sk\/wp-content\/themes\/wxw\/img\/loader-light.svg\" alt=\"\" class=\"loader\">\n    <\/div>\n  <\/div>\n<\/form>          <\/div>\n        <\/div>\n      <\/div>\n    <\/article>\n  <\/div>\n<\/section>\n<\/div>\n<\/div><\/div><\/div><\/div><\/div><\/div><\/div>","protected":false},"excerpt":{"rendered":"<p>Wir setzen auf ein effektives Personalmanagemensystem durch eine umfassende Personalstrategieentwicklung.<\/p>\n","protected":false},"author":3,"featured_media":730,"parent":0,"menu_order":0,"comment_status":"closed","ping_status":"closed","template":"","meta":{"footnotes":""},"class_list":["post-1356","page","type-page","status-publish","has-post-thumbnail","hentry"],"acf":[],"yoast_head":"<!-- This site is optimized with the Yoast SEO plugin v19.9 - https:\/\/yoast.com\/wordpress\/plugins\/seo\/ -->\n<title>Personal-management - World of Work<\/title>\n<meta name=\"robots\" content=\"index, follow, max-snippet:-1, max-image-preview:large, max-video-preview:-1\" \/>\n<link rel=\"canonical\" href=\"https:\/\/www.wxw.sk\/de\/personal-management\/\" \/>\n<meta property=\"og:locale\" content=\"de_DE\" \/>\n<meta property=\"og:type\" content=\"article\" \/>\n<meta property=\"og:title\" content=\"Personal-management - World of Work\" \/>\n<meta property=\"og:description\" content=\"Wir setzen auf ein effektives Personalmanagemensystem durch eine umfassende Personalstrategieentwicklung.\" \/>\n<meta property=\"og:url\" content=\"https:\/\/www.wxw.sk\/de\/personal-management\/\" \/>\n<meta property=\"og:site_name\" content=\"World of Work\" \/>\n<meta property=\"article:modified_time\" content=\"2022-02-01T07:34:18+00:00\" \/>\n<meta property=\"og:image\" content=\"https:\/\/www.wxw.sk\/wp-content\/uploads\/2022\/01\/personal-management-1.jpg\" \/>\n\t<meta property=\"og:image:width\" content=\"3200\" \/>\n\t<meta property=\"og:image:height\" content=\"1800\" \/>\n\t<meta property=\"og:image:type\" content=\"image\/jpeg\" \/>\n<meta name=\"twitter:card\" content=\"summary_large_image\" \/>\n<meta name=\"twitter:label1\" content=\"Gesch\u00e4tzte Lesezeit\" \/>\n\t<meta name=\"twitter:data1\" content=\"1\u00a0Minute\" \/>\n<script type=\"application\/ld+json\" class=\"yoast-schema-graph\">{\"@context\":\"https:\/\/schema.org\",\"@graph\":[{\"@type\":\"WebPage\",\"@id\":\"https:\/\/www.wxw.sk\/de\/personal-management\/\",\"url\":\"https:\/\/www.wxw.sk\/de\/personal-management\/\",\"name\":\"Personal-management - World of Work\",\"isPartOf\":{\"@id\":\"https:\/\/www.wxw.sk\/#website\"},\"datePublished\":\"2022-01-25T08:14:02+00:00\",\"dateModified\":\"2022-02-01T07:34:18+00:00\",\"breadcrumb\":{\"@id\":\"https:\/\/www.wxw.sk\/de\/personal-management\/#breadcrumb\"},\"inLanguage\":\"de\",\"potentialAction\":[{\"@type\":\"ReadAction\",\"target\":[\"https:\/\/www.wxw.sk\/de\/personal-management\/\"]}]},{\"@type\":\"BreadcrumbList\",\"@id\":\"https:\/\/www.wxw.sk\/de\/personal-management\/#breadcrumb\",\"itemListElement\":[{\"@type\":\"ListItem\",\"position\":1,\"name\":\"Domovsk\u00e1 str\u00e1nka\",\"item\":\"https:\/\/www.wxw.sk\/de\/\"},{\"@type\":\"ListItem\",\"position\":2,\"name\":\"Personal-management\"}]},{\"@type\":\"WebSite\",\"@id\":\"https:\/\/www.wxw.sk\/#website\",\"url\":\"https:\/\/www.wxw.sk\/\",\"name\":\"World of Work\",\"description\":\"\",\"potentialAction\":[{\"@type\":\"SearchAction\",\"target\":{\"@type\":\"EntryPoint\",\"urlTemplate\":\"https:\/\/www.wxw.sk\/?s={search_term_string}\"},\"query-input\":\"required name=search_term_string\"}],\"inLanguage\":\"de\"}]}<\/script>\n<!-- \/ Yoast SEO plugin. -->","yoast_head_json":{"title":"Personal-management - World of Work","robots":{"index":"index","follow":"follow","max-snippet":"max-snippet:-1","max-image-preview":"max-image-preview:large","max-video-preview":"max-video-preview:-1"},"canonical":"https:\/\/www.wxw.sk\/de\/personal-management\/","og_locale":"de_DE","og_type":"article","og_title":"Personal-management - World of Work","og_description":"Wir setzen auf ein effektives Personalmanagemensystem durch eine umfassende Personalstrategieentwicklung.","og_url":"https:\/\/www.wxw.sk\/de\/personal-management\/","og_site_name":"World of Work","article_modified_time":"2022-02-01T07:34:18+00:00","og_image":[{"width":3200,"height":1800,"url":"https:\/\/www.wxw.sk\/wp-content\/uploads\/2022\/01\/personal-management-1.jpg","type":"image\/jpeg"}],"twitter_card":"summary_large_image","twitter_misc":{"Gesch\u00e4tzte Lesezeit":"1\u00a0Minute"},"schema":{"@context":"https:\/\/schema.org","@graph":[{"@type":"WebPage","@id":"https:\/\/www.wxw.sk\/de\/personal-management\/","url":"https:\/\/www.wxw.sk\/de\/personal-management\/","name":"Personal-management - World of Work","isPartOf":{"@id":"https:\/\/www.wxw.sk\/#website"},"datePublished":"2022-01-25T08:14:02+00:00","dateModified":"2022-02-01T07:34:18+00:00","breadcrumb":{"@id":"https:\/\/www.wxw.sk\/de\/personal-management\/#breadcrumb"},"inLanguage":"de","potentialAction":[{"@type":"ReadAction","target":["https:\/\/www.wxw.sk\/de\/personal-management\/"]}]},{"@type":"BreadcrumbList","@id":"https:\/\/www.wxw.sk\/de\/personal-management\/#breadcrumb","itemListElement":[{"@type":"ListItem","position":1,"name":"Domovsk\u00e1 str\u00e1nka","item":"https:\/\/www.wxw.sk\/de\/"},{"@type":"ListItem","position":2,"name":"Personal-management"}]},{"@type":"WebSite","@id":"https:\/\/www.wxw.sk\/#website","url":"https:\/\/www.wxw.sk\/","name":"World of Work","description":"","potentialAction":[{"@type":"SearchAction","target":{"@type":"EntryPoint","urlTemplate":"https:\/\/www.wxw.sk\/?s={search_term_string}"},"query-input":"required name=search_term_string"}],"inLanguage":"de"}]}},"_links":{"self":[{"href":"https:\/\/www.wxw.sk\/de\/wp-json\/wp\/v2\/pages\/1356","targetHints":{"allow":["GET"]}}],"collection":[{"href":"https:\/\/www.wxw.sk\/de\/wp-json\/wp\/v2\/pages"}],"about":[{"href":"https:\/\/www.wxw.sk\/de\/wp-json\/wp\/v2\/types\/page"}],"author":[{"embeddable":true,"href":"https:\/\/www.wxw.sk\/de\/wp-json\/wp\/v2\/users\/3"}],"replies":[{"embeddable":true,"href":"https:\/\/www.wxw.sk\/de\/wp-json\/wp\/v2\/comments?post=1356"}],"version-history":[{"count":7,"href":"https:\/\/www.wxw.sk\/de\/wp-json\/wp\/v2\/pages\/1356\/revisions"}],"predecessor-version":[{"id":1363,"href":"https:\/\/www.wxw.sk\/de\/wp-json\/wp\/v2\/pages\/1356\/revisions\/1363"}],"wp:featuredmedia":[{"embeddable":true,"href":"https:\/\/www.wxw.sk\/de\/wp-json\/wp\/v2\/media\/730"}],"wp:attachment":[{"href":"https:\/\/www.wxw.sk\/de\/wp-json\/wp\/v2\/media?parent=1356"}],"curies":[{"name":"wp","href":"https:\/\/api.w.org\/{rel}","templated":true}]}}