{"id":1371,"date":"2022-01-24T10:17:07","date_gmt":"2022-01-24T10:17:07","guid":{"rendered":"https:\/\/www.wxw.sk\/sluzby\/"},"modified":"2022-02-01T07:46:09","modified_gmt":"2022-02-01T07:46:09","slug":"dienstleistungen","status":"publish","type":"page","link":"https:\/\/www.wxw.sk\/de\/dienstleistungen\/","title":{"rendered":"Dienstleistungen"},"content":{"rendered":"<div id=\"pl-1371\"  class=\"panel-layout\" ><div id=\"pg-1371-0\"  class=\"panel-grid panel-no-style\" ><div id=\"pgc-1371-0-0\"  class=\"panel-grid-cell\" ><div id=\"panel-1371-0-0-0\" class=\"so-panel widget widget_sow-editor panel-first-child panel-last-child\" data-index=\"0\" ><div class=\"wow fadeInLeft panel-widget-style panel-widget-style-for-1371-0-0-0\" data-wow-offset=\"10\" data-wow-iteration=\"1\" ><div\n\t\t\t\n\t\t\tclass=\"so-widget-sow-editor so-widget-sow-editor-base\"\n\t\t\t\n\t\t>\n<div class=\"siteorigin-widget-tinymce textwidget\">\n\t<h4>WXW bietet ein <span class=\"red-font\">umfassendes Leistungsportfolio<\/span> im Bereich HR, Zeitarbeit, Personalmanagement und Outsourcing. <\/h4>\n<\/div>\n<\/div><\/div><\/div><\/div><div id=\"pgc-1371-0-1\"  class=\"panel-grid-cell\" ><div id=\"panel-1371-0-1-0\" class=\"so-panel widget widget_sow-editor panel-first-child panel-last-child\" data-index=\"1\" ><div class=\"wow fadeInUp panel-widget-style panel-widget-style-for-1371-0-1-0\" data-wow-offset=\"10\" data-wow-iteration=\"1\" ><div\n\t\t\t\n\t\t\tclass=\"so-widget-sow-editor so-widget-sow-editor-base\"\n\t\t\t\n\t\t>\n<div class=\"siteorigin-widget-tinymce textwidget\">\n\t<p>Der Vorteil unserer Dienstleistungen ist umfassende Kundenbetreuung und Erbringungen aller notwendigen Aktivit\u00e4ten mit Personal. <\/p>\n<p>Wir \u00fcbernehmen die volle Verantwortung f\u00fcr die Produktionsmitarbeiter und unseren Kunden erm\u00f6glichen wir sich ohne zus\u00e4tzliche Sorgen auf das Gesch\u00e4ft zu konzentrieren. Wir k\u00f6nnen in spezifischen Dienstleistungen nach den Anforderungen des Kunden umwandeln und uns um qualitativ hochwertige Arbeitsbedingungen zu k\u00fcmmern.Unsere Dienstleistungen sind f\u00fcr alle interessierten Unternehmen da, die sich daf\u00fcr interessieren.<\/p>\n<\/div>\n<\/div><\/div><\/div><\/div><\/div><div id=\"pg-1371-1\"  class=\"panel-grid panel-has-style\" ><div class=\"panel-row-style panel-row-style-for-1371-1\" ><div id=\"pgc-1371-1-0\"  class=\"panel-grid-cell\" ><div id=\"panel-1371-1-0-0\" class=\"so-panel widget widget_sow-image panel-first-child panel-last-child\" data-index=\"2\" ><div class=\"wow fadeInUp panel-widget-style panel-widget-style-for-1371-1-0-0\" data-wow-offset=\"10\" data-wow-iteration=\"1\" ><div\n\t\t\t\n\t\t\tclass=\"so-widget-sow-image so-widget-sow-image-default-d6014b76747a-1371\"\n\t\t\t\n\t\t>\n\n<div class=\"sow-image-container\">\n\t\t<img decoding=\"async\" src=\"https:\/\/www.wxw.sk\/wp-content\/uploads\/2022\/01\/workers.jpg\" width=\"2500\" height=\"1667\" srcset=\"https:\/\/www.wxw.sk\/wp-content\/uploads\/2022\/01\/workers.jpg 2500w, https:\/\/www.wxw.sk\/wp-content\/uploads\/2022\/01\/workers-300x200.jpg 300w, https:\/\/www.wxw.sk\/wp-content\/uploads\/2022\/01\/workers-1024x683.jpg 1024w, https:\/\/www.wxw.sk\/wp-content\/uploads\/2022\/01\/workers-768x512.jpg 768w, https:\/\/www.wxw.sk\/wp-content\/uploads\/2022\/01\/workers-1536x1024.jpg 1536w, https:\/\/www.wxw.sk\/wp-content\/uploads\/2022\/01\/workers-2048x1366.jpg 2048w, https:\/\/www.wxw.sk\/wp-content\/uploads\/2022\/01\/workers-480x320.jpg 480w, https:\/\/www.wxw.sk\/wp-content\/uploads\/2022\/01\/workers-992x661.jpg 992w, https:\/\/www.wxw.sk\/wp-content\/uploads\/2022\/01\/workers-1200x800.jpg 1200w, https:\/\/www.wxw.sk\/wp-content\/uploads\/2022\/01\/workers-272x182.jpg 272w\" sizes=\"(max-width: 2500px) 100vw, 2500px\" alt=\"\" \t\tclass=\"so-widget-image\"\/>\n\t<\/div>\n\n<\/div><\/div><\/div><\/div><div id=\"pgc-1371-1-1\"  class=\"panel-grid-cell\" ><div id=\"panel-1371-1-1-0\" class=\"so-panel widget widget_sow-image panel-first-child panel-last-child\" data-index=\"3\" ><div class=\"wow fadeInRight panel-widget-style panel-widget-style-for-1371-1-1-0\" data-wow-offset=\"10\" data-wow-iteration=\"1\" ><div\n\t\t\t\n\t\t\tclass=\"so-widget-sow-image so-widget-sow-image-default-d6014b76747a-1371\"\n\t\t\t\n\t\t>\n\n<div class=\"sow-image-container\">\n\t\t<img decoding=\"async\" src=\"https:\/\/www.wxw.sk\/wp-content\/uploads\/2022\/01\/denys-nevozhai-DEEJP2_U_x4-unsplash.jpg\" width=\"1365\" height=\"2048\" srcset=\"https:\/\/www.wxw.sk\/wp-content\/uploads\/2022\/01\/denys-nevozhai-DEEJP2_U_x4-unsplash.jpg 1365w, https:\/\/www.wxw.sk\/wp-content\/uploads\/2022\/01\/denys-nevozhai-DEEJP2_U_x4-unsplash-200x300.jpg 200w, https:\/\/www.wxw.sk\/wp-content\/uploads\/2022\/01\/denys-nevozhai-DEEJP2_U_x4-unsplash-683x1024.jpg 683w, https:\/\/www.wxw.sk\/wp-content\/uploads\/2022\/01\/denys-nevozhai-DEEJP2_U_x4-unsplash-768x1152.jpg 768w, https:\/\/www.wxw.sk\/wp-content\/uploads\/2022\/01\/denys-nevozhai-DEEJP2_U_x4-unsplash-1024x1536.jpg 1024w, https:\/\/www.wxw.sk\/wp-content\/uploads\/2022\/01\/denys-nevozhai-DEEJP2_U_x4-unsplash-480x720.jpg 480w, https:\/\/www.wxw.sk\/wp-content\/uploads\/2022\/01\/denys-nevozhai-DEEJP2_U_x4-unsplash-992x1488.jpg 992w, https:\/\/www.wxw.sk\/wp-content\/uploads\/2022\/01\/denys-nevozhai-DEEJP2_U_x4-unsplash-1200x1800.jpg 1200w\" sizes=\"(max-width: 1365px) 100vw, 1365px\" alt=\"\" \t\tclass=\"so-widget-image\"\/>\n\t<\/div>\n\n<\/div><\/div><\/div><\/div><\/div><\/div><div id=\"pg-1371-2\"  class=\"panel-grid panel-has-style\" ><div class=\"siteorigin-panels-stretch panel-row-style panel-row-style-for-1371-2\" data-stretch-type=\"full-stretched-padded\" ><div id=\"pgc-1371-2-0\"  class=\"panel-grid-cell\" ><div id=\"panel-1371-2-0-0\" class=\"so-panel widget widget_sow-editor panel-first-child panel-last-child\" data-index=\"4\" ><div\n\t\t\t\n\t\t\tclass=\"so-widget-sow-editor so-widget-sow-editor-base\"\n\t\t\t\n\t\t>\n<div class=\"siteorigin-widget-tinymce textwidget\">\n\t<section class=\"content-section panel-services\">\n  <div class=\"container\">\n    <article>\n      <div class=\"two-side-wrapper\">\n        <div class=\"left-side\">\n          <header class=\"content-section-header\" data-aos=\"fade-right\">\n            <div class=\"content-section-title extra-small\">Dienstleistungen<br>angeboten<\/div>\n          <\/header>\n          <nav class=\"service\" data-aos=\"fade-up\">\n            <ul id=\"menu-service-de\" class=\"\"><li id=\"menu-item-1407\" class=\"menu-item menu-item-type-post_type menu-item-object-page menu-item-1407\"><a href=\"https:\/\/www.wxw.sk\/de\/hr-dienstleistungen\/\" data-cursor=\"menu\" data-cursor-text=\"viac\">HR Dienstleistungen<\/a><\/li>\n<li id=\"menu-item-1406\" class=\"menu-item menu-item-type-post_type menu-item-object-page menu-item-1406\"><a href=\"https:\/\/www.wxw.sk\/de\/zeitarbeit\/\" data-cursor=\"menu\" data-cursor-text=\"viac\">Zeitarbeit<\/a><\/li>\n<li id=\"menu-item-1405\" class=\"menu-item menu-item-type-post_type menu-item-object-page menu-item-1405\"><a href=\"https:\/\/www.wxw.sk\/de\/personal-management\/\" data-cursor=\"menu\" data-cursor-text=\"viac\">Personal-management<\/a><\/li>\n<li id=\"menu-item-1404\" class=\"menu-item menu-item-type-post_type menu-item-object-page menu-item-1404\"><a href=\"https:\/\/www.wxw.sk\/de\/outsourcing\/\" data-cursor=\"menu\" data-cursor-text=\"viac\">Outsourcing<\/a><\/li>\n<\/ul>          <\/nav>\n        <\/div>\n        <div class=\"right-side\" data-aos=\"fade-up\">\n          <div class=\"box-container\">\n            <figure><img decoding=\"async\" src=\"https:\/\/www.wxw.sk\/wp-content\/themes\/wxw\/img\/panels\/services\/1.jpg\" alt=\"\"><\/figure>\n            <div class=\"info-box\">\n              <div class=\"value\">+15<\/div>\n              <p>Besondere Stellenangebote, die wir vermitteln k\u00f6nnen.<\/p>\n            <\/div>\n          <\/div>\n        <\/div>\n      <\/div>\n    <\/article>\n  <\/div>\n<\/section>\n<\/div>\n<\/div><\/div><\/div><\/div><\/div><div id=\"pg-1371-3\"  class=\"panel-grid panel-has-style\" ><div class=\"panel-row-style panel-row-style-for-1371-3\" ><div id=\"pgc-1371-3-0\"  class=\"panel-grid-cell\" ><div id=\"panel-1371-3-0-0\" class=\"so-panel widget widget_sow-editor panel-first-child panel-last-child\" data-index=\"5\" ><div class=\"wow fadeInUp panel-widget-style panel-widget-style-for-1371-3-0-0\" data-wow-offset=\"10\" data-wow-iteration=\"1\" ><div\n\t\t\t\n\t\t\tclass=\"so-widget-sow-editor so-widget-sow-editor-base\"\n\t\t\t\n\t\t>\n<div class=\"siteorigin-widget-tinymce textwidget\">\n\t<h3>Kompetente Mitarbeiter \u2013 Verantwortung, Kreativit\u00e4t, Sachverstand und Sorgfalt sind der Weg zu einer <span class=\"red-font\">effektiven Arbeitsstrategie.<\/span><\/h3>\n<\/div>\n<\/div><\/div><\/div><\/div><div id=\"pgc-1371-3-1\"  class=\"panel-grid-cell\" ><div id=\"panel-1371-3-1-0\" class=\"so-panel widget widget_sow-editor panel-first-child panel-last-child\" data-index=\"6\" ><div class=\"wow fadeInRight panel-widget-style panel-widget-style-for-1371-3-1-0\" data-wow-offset=\"10\" data-wow-iteration=\"1\" ><div\n\t\t\t\n\t\t\tclass=\"so-widget-sow-editor so-widget-sow-editor-base\"\n\t\t\t\n\t\t>\n<div class=\"siteorigin-widget-tinymce textwidget\">\n\t<p>Unser Unternehmen bietet dank seines Know-hows und seiner F\u00e4higkeiten umfassende Dienstleistungen. Da wir eine komplete Arbeitsvermittlungsservice bieten, ist die Kommunikation und Zusammenarbeit mit uns einfach schnell und sicher. Komplettservices steigern die Effizien Ihres Budgets und Sie sparen nicht nur Geld, sondern auch Zeit und Ressourcen. <\/p>\n<p>Mit einer breiten Palette von Tools unterst\u00fctzen und innovieren wir verschiedene Arbeitsbereiche gem\u00e4\u00df den Kundenbed\u00fcfnissen. Wir \u00fcbernehmen die volle Verantwortung f\u00fcr die Personalbesetzung in der Produktion und erm\u00f6glichen so unseren Kunden sich ohne zus\u00e4tzliche Sorgen auf das gew\u00e4hlte Gesch\u00e4ftsfeld zu konzentrieren. Wir sind ein stabiler und traditioneller Arbeitgeber, ein Unternehmen, das Potenzial in seinen Mitarbeitern sieht.<\/p>\n<\/div>\n<\/div><\/div><\/div><\/div><\/div><\/div><\/div>","protected":false},"excerpt":{"rendered":"<p>Umfassende und klare L\u00f6sungen, unterschtrichen durch die ehrliche Arbeit unserer Mitarbeiter.<\/p>\n","protected":false},"author":3,"featured_media":921,"parent":0,"menu_order":0,"comment_status":"closed","ping_status":"closed","template":"","meta":{"footnotes":""},"class_list":["post-1371","page","type-page","status-publish","has-post-thumbnail","hentry"],"acf":[],"yoast_head":"<!-- This site is optimized with the Yoast SEO plugin v19.9 - https:\/\/yoast.com\/wordpress\/plugins\/seo\/ -->\n<title>Dienstleistungen - World of Work<\/title>\n<meta name=\"robots\" content=\"index, follow, max-snippet:-1, max-image-preview:large, max-video-preview:-1\" \/>\n<link rel=\"canonical\" href=\"https:\/\/www.wxw.sk\/de\/dienstleistungen\/\" \/>\n<meta property=\"og:locale\" content=\"de_DE\" \/>\n<meta property=\"og:type\" content=\"article\" \/>\n<meta property=\"og:title\" content=\"Dienstleistungen - World of Work\" \/>\n<meta property=\"og:description\" content=\"Umfassende und klare L\u00f6sungen, unterschtrichen durch die ehrliche Arbeit unserer Mitarbeiter.\" \/>\n<meta property=\"og:url\" content=\"https:\/\/www.wxw.sk\/de\/dienstleistungen\/\" \/>\n<meta property=\"og:site_name\" content=\"World of Work\" \/>\n<meta property=\"article:modified_time\" content=\"2022-02-01T07:46:09+00:00\" \/>\n<meta property=\"og:image\" content=\"https:\/\/www.wxw.sk\/wp-content\/uploads\/2022\/01\/cover5-1.jpg\" \/>\n\t<meta property=\"og:image:width\" content=\"3200\" \/>\n\t<meta property=\"og:image:height\" content=\"1800\" \/>\n\t<meta property=\"og:image:type\" content=\"image\/jpeg\" \/>\n<meta name=\"twitter:card\" content=\"summary_large_image\" \/>\n<meta name=\"twitter:label1\" content=\"Gesch\u00e4tzte Lesezeit\" \/>\n\t<meta name=\"twitter:data1\" content=\"1\u00a0Minute\" \/>\n<script type=\"application\/ld+json\" class=\"yoast-schema-graph\">{\"@context\":\"https:\/\/schema.org\",\"@graph\":[{\"@type\":\"WebPage\",\"@id\":\"https:\/\/www.wxw.sk\/de\/dienstleistungen\/\",\"url\":\"https:\/\/www.wxw.sk\/de\/dienstleistungen\/\",\"name\":\"Dienstleistungen - World of Work\",\"isPartOf\":{\"@id\":\"https:\/\/www.wxw.sk\/#website\"},\"datePublished\":\"2022-01-24T10:17:07+00:00\",\"dateModified\":\"2022-02-01T07:46:09+00:00\",\"breadcrumb\":{\"@id\":\"https:\/\/www.wxw.sk\/de\/dienstleistungen\/#breadcrumb\"},\"inLanguage\":\"de\",\"potentialAction\":[{\"@type\":\"ReadAction\",\"target\":[\"https:\/\/www.wxw.sk\/de\/dienstleistungen\/\"]}]},{\"@type\":\"BreadcrumbList\",\"@id\":\"https:\/\/www.wxw.sk\/de\/dienstleistungen\/#breadcrumb\",\"itemListElement\":[{\"@type\":\"ListItem\",\"position\":1,\"name\":\"Domovsk\u00e1 str\u00e1nka\",\"item\":\"https:\/\/www.wxw.sk\/de\/\"},{\"@type\":\"ListItem\",\"position\":2,\"name\":\"Dienstleistungen\"}]},{\"@type\":\"WebSite\",\"@id\":\"https:\/\/www.wxw.sk\/#website\",\"url\":\"https:\/\/www.wxw.sk\/\",\"name\":\"World of Work\",\"description\":\"\",\"potentialAction\":[{\"@type\":\"SearchAction\",\"target\":{\"@type\":\"EntryPoint\",\"urlTemplate\":\"https:\/\/www.wxw.sk\/?s={search_term_string}\"},\"query-input\":\"required name=search_term_string\"}],\"inLanguage\":\"de\"}]}<\/script>\n<!-- \/ Yoast SEO plugin. -->","yoast_head_json":{"title":"Dienstleistungen - World of Work","robots":{"index":"index","follow":"follow","max-snippet":"max-snippet:-1","max-image-preview":"max-image-preview:large","max-video-preview":"max-video-preview:-1"},"canonical":"https:\/\/www.wxw.sk\/de\/dienstleistungen\/","og_locale":"de_DE","og_type":"article","og_title":"Dienstleistungen - World of Work","og_description":"Umfassende und klare L\u00f6sungen, unterschtrichen durch die ehrliche Arbeit unserer Mitarbeiter.","og_url":"https:\/\/www.wxw.sk\/de\/dienstleistungen\/","og_site_name":"World of Work","article_modified_time":"2022-02-01T07:46:09+00:00","og_image":[{"width":3200,"height":1800,"url":"https:\/\/www.wxw.sk\/wp-content\/uploads\/2022\/01\/cover5-1.jpg","type":"image\/jpeg"}],"twitter_card":"summary_large_image","twitter_misc":{"Gesch\u00e4tzte Lesezeit":"1\u00a0Minute"},"schema":{"@context":"https:\/\/schema.org","@graph":[{"@type":"WebPage","@id":"https:\/\/www.wxw.sk\/de\/dienstleistungen\/","url":"https:\/\/www.wxw.sk\/de\/dienstleistungen\/","name":"Dienstleistungen - World of Work","isPartOf":{"@id":"https:\/\/www.wxw.sk\/#website"},"datePublished":"2022-01-24T10:17:07+00:00","dateModified":"2022-02-01T07:46:09+00:00","breadcrumb":{"@id":"https:\/\/www.wxw.sk\/de\/dienstleistungen\/#breadcrumb"},"inLanguage":"de","potentialAction":[{"@type":"ReadAction","target":["https:\/\/www.wxw.sk\/de\/dienstleistungen\/"]}]},{"@type":"BreadcrumbList","@id":"https:\/\/www.wxw.sk\/de\/dienstleistungen\/#breadcrumb","itemListElement":[{"@type":"ListItem","position":1,"name":"Domovsk\u00e1 str\u00e1nka","item":"https:\/\/www.wxw.sk\/de\/"},{"@type":"ListItem","position":2,"name":"Dienstleistungen"}]},{"@type":"WebSite","@id":"https:\/\/www.wxw.sk\/#website","url":"https:\/\/www.wxw.sk\/","name":"World of Work","description":"","potentialAction":[{"@type":"SearchAction","target":{"@type":"EntryPoint","urlTemplate":"https:\/\/www.wxw.sk\/?s={search_term_string}"},"query-input":"required name=search_term_string"}],"inLanguage":"de"}]}},"_links":{"self":[{"href":"https:\/\/www.wxw.sk\/de\/wp-json\/wp\/v2\/pages\/1371","targetHints":{"allow":["GET"]}}],"collection":[{"href":"https:\/\/www.wxw.sk\/de\/wp-json\/wp\/v2\/pages"}],"about":[{"href":"https:\/\/www.wxw.sk\/de\/wp-json\/wp\/v2\/types\/page"}],"author":[{"embeddable":true,"href":"https:\/\/www.wxw.sk\/de\/wp-json\/wp\/v2\/users\/3"}],"replies":[{"embeddable":true,"href":"https:\/\/www.wxw.sk\/de\/wp-json\/wp\/v2\/comments?post=1371"}],"version-history":[{"count":7,"href":"https:\/\/www.wxw.sk\/de\/wp-json\/wp\/v2\/pages\/1371\/revisions"}],"predecessor-version":[{"id":1378,"href":"https:\/\/www.wxw.sk\/de\/wp-json\/wp\/v2\/pages\/1371\/revisions\/1378"}],"wp:featuredmedia":[{"embeddable":true,"href":"https:\/\/www.wxw.sk\/de\/wp-json\/wp\/v2\/media\/921"}],"wp:attachment":[{"href":"https:\/\/www.wxw.sk\/de\/wp-json\/wp\/v2\/media?parent=1371"}],"curies":[{"name":"wp","href":"https:\/\/api.w.org\/{rel}","templated":true}]}}