{"id":1302,"date":"2022-01-31T14:38:23","date_gmt":"2022-01-31T14:38:23","guid":{"rendered":"https:\/\/www.wxw.sk\/gdpr-2\/"},"modified":"2022-01-31T14:54:22","modified_gmt":"2022-01-31T14:54:22","slug":"gdpr","status":"publish","type":"page","link":"https:\/\/www.wxw.sk\/en\/gdpr\/","title":{"rendered":"GDPR"},"content":{"rendered":"<div id=\"pl-1302\"  class=\"panel-layout\" ><div id=\"pg-1302-0\"  class=\"panel-grid panel-no-style\" ><div id=\"pgc-1302-0-0\"  class=\"panel-grid-cell panel-grid-cell-empty\" ><\/div><div id=\"pgc-1302-0-1\"  class=\"panel-grid-cell panel-grid-cell-mobile-last\" ><div id=\"panel-1302-0-1-0\" class=\"so-panel widget widget_sow-editor panel-first-child panel-last-child\" data-index=\"0\" ><div\n\t\t\t\n\t\t\tclass=\"so-widget-sow-editor so-widget-sow-editor-base\"\n\t\t\t\n\t\t>\n<div class=\"siteorigin-widget-tinymce textwidget\">\n\t<div class=\"entry-content\">\n<p>Odoslan\u00edm formul\u00e1ra ude\u013eujem\u00a0<strong>WxW, s.r.o., Kellerova\u00a01, Bardejov\u00a0085 01, I\u010cO: 51 195 771<\/strong> (\u010falej len: \u201eprev\u00e1dzkovate\u013e\u201c) v zmysle \u010dl. 6 ods. 1 p\u00edsm. a) a \u010dl. 7 Nariadenia Eur\u00f3pskeho parlamentu a Rady (E\u00da) 2016\/679 z 27. apr\u00edla 2016 o ochrane fyzick\u00fdch os\u00f4b pri sprac\u00favan\u00ed osobn\u00fdch \u00fadajov a o vo\u013enom pohybe tak\u00fdchto \u00fadajov, ktor\u00fdm sa zru\u0161uje smernica 95\/46\/ES (v\u0161eobecn\u00e9 nariadenie o ochrane \u00fadajov) s\u00fahlas so sprac\u00favan\u00edm mojich osobn\u00fdch \u00fadajov\u00a0<strong>pre \u00fa\u010del<\/strong>:<\/p>\n<p>sprac\u00favanie osobn\u00fdch \u00fadajov potrebn\u00fdch pre vybavovanie \u017eiadost\u00ed na \u017eiados\u0165 fyzickej osoby, a to v rozsahu:\u00a0<strong>meno, priezvisko, e-mailov\u00e1 adresa.<\/strong><\/p>\n<p>Tento s\u00fahlas so sprac\u00favan\u00edm osobn\u00fdch \u00fadajov je slobodne dan\u00fdm, konkr\u00e9tnym, informovan\u00fdm\u00a0a jednozna\u010dn\u00fdm prejavom mojej v\u00f4le, ktor\u00fd ude\u013eujem na obdobie 12 mesiacov odo d\u0148a zaslania \u017eiadosti prostredn\u00edctvom on-line kontaktn\u00e9ho formul\u00e1ra na webovej\u00a0str\u00e1nke <a href=\"http:\/\/www.wxw.sk\">www.wxw.sk<\/a>. Po uvedenej lehote bud\u00fa Va\u0161e osobn\u00e9 \u00fadaje mechanicky zlikvidovan\u00e9 (skartovan\u00e9) a nebud\u00fa \u010falej sprac\u00favan\u00e9 v \u017eiadnej datab\u00e1ze.\u00a0Pred udelen\u00edm s\u00fahlasu som bol\/-a\u00a0informovan\u00fd\/-\u00e1 o nasleduj\u00facich skuto\u010dnostiach:<\/p>\n<ul>\n<li>moje osobn\u00e9 \u00fadaje nebud\u00fa poskytovan\u00e9 pr\u00edjemcom.<\/li>\n<li>moje osobn\u00e9 \u00fadaje, ktor\u00fdch poskytnutie je dobrovo\u013en\u00e9, bud\u00fa uchov\u00e1van\u00e9 po\u010das obdobia\u00a0platnosti s\u00fahlasu a nebud\u00fa sprac\u00favan\u00e9 na \u017eiaden in\u00fd \u00fa\u010del, ne\u017e na ten, na ktor\u00fd boli z\u00edskan\u00e9.<\/li>\n<li>ako dotknut\u00e1 osoba m\u00e1m pr\u00e1vo po\u017eadova\u0165 od prev\u00e1dzkovate\u013ea pr\u00edstup k mojim osobn\u00fdm\u00a0\u00fadajom, ktor\u00e9 sa ma t\u00fdkaj\u00fa, pr\u00e1vo na ich opravu alebo vymazanie alebo obmedzenie\u00a0sprac\u00favania, pr\u00e1vo namieta\u0165 proti sprac\u00favaniu, ako aj pr\u00e1vo na prenosnos\u0165 \u00fadajov.<\/li>\n<li>v od\u00f4vodnenom pr\u00edpade m\u00e1m ako dotknut\u00e1 osoba pr\u00e1vo poda\u0165 s\u0165a\u017enos\u0165 dozorn\u00e9mu org\u00e1nu,\u00a0ktor\u00fdm je \u00darad na ochranu osobn\u00fdch \u00fadajov Slovenskej republiky.<\/li>\n<li>beriem na vedomie, \u017ee cezhrani\u010dn\u00fd prenos mojich osobn\u00fdch do tretej krajiny sa\u00a0neuskuto\u010d\u0148uje.<\/li>\n<li>beriem na vedomie, \u017ee nedoch\u00e1dza k automatizovan\u00e9mu rozhodovaniu, vr\u00e1tane profilovania.<\/li>\n<\/ul>\n<p><em><strong>Svoje pr\u00e1vo kedyko\u013evek odvola\u0165 s\u00fahlas, a to aj pred uplynut\u00edm doby, na ktor\u00fa bol tento s\u00fahlas udelen\u00fd, m\u00f4\u017eem ako dotknut\u00e1 osoba uplatni\u0165 nasleduj\u00facimi sp\u00f4sobmi:<\/strong><\/em><\/p>\n<ul>\n<li>a. emailovou \u017eiados\u0165ou zaslanou na adresu\u00a0<a href=\"mailto:gdpr@maximabroker.sk\">info@wxw.sk<\/a>\u00a0alebo<\/li>\n<li>a. zaslan\u00edm p\u00edsomnej \u017eiadosti na adresu s\u00eddla prev\u00e1dzkovate\u013ea s uveden\u00edm textu \u201eGDPR \u2013 odvolanie s\u00fahlasu\u201c na ob\u00e1lke.<\/li>\n<\/ul>\n<p>Odvolanie s\u00fahlasu nem\u00e1 vplyv na z\u00e1konnos\u0165 sprac\u00favania vych\u00e1dzaj\u00faceho zo s\u00fahlasu pred jeho odvolan\u00edm.<\/p>\n<p>V pr\u00edpade ak\u00fdchko\u013evek ot\u00e1zok s\u00favisiacich s ochranou Va\u0161ich osobn\u00fdch \u00fadajov vr\u00e1tane uplatnenia Va\u0161ich pr\u00e1v v zmysle Nariadenia a z\u00e1kona o ochrane osobn\u00fdch \u00fadajov V\u00e1s pros\u00edme, aby ste n\u00e1s na kontaktovali na: info@wxw.sk.<\/p>\n<h4>Ak\u00e9 osobn\u00e9 \u00fadaje z\u00edskavame a pre\u010do ich zbierame<\/h4>\n<p>Na \u00fa\u010del kontaktu vyu\u017eit\u00edm kontaktn\u00e9ho formul\u00e1ra na www.wxw.sk z\u00edskavame od V\u00e1s len \u00fadaje nevyhnutne potrebn\u00e9 pre spracovanie odpovede a administrat\u00edvu spojen\u00fa s \u00fakonmi n\u00e1\u0161ho kontaktn\u00e9ho oddelenia.<\/p>\n<h4>S\u00fabory cookies<\/h4>\n<p>Ak nav\u0161t\u00edvite na\u0161u str\u00e1nku, ulo\u017e\u00edme do\u010dasn\u00e9 s\u00fabory cookies na ur\u010denie toho, \u010di v\u00e1\u0161 prehliada\u010d akceptuje s\u00fabory cookies. Tieto s\u00fabory cookies neobsahuj\u00fa \u017eiadne osobn\u00e9 \u00fadaje a s\u00fa odstr\u00e1nen\u00e9 pri zatvoren\u00ed prehliada\u010da.<\/p>\n<h4>Vlo\u017een\u00fd obsah z in\u00fdch webov\u00fdch str\u00e1nok<\/h4>\n<p>\u010cl\u00e1nky na tejto webovej str\u00e1nke m\u00f4\u017eu obsahova\u0165 vlo\u017een\u00fd obsah (napr. vide\u00e1, obr\u00e1zky, \u010dl\u00e1nky a podobne). Vlo\u017een\u00fd obsah z in\u00fdch str\u00e1nok sa chov\u00e1 rovnako, akoby n\u00e1v\u0161tevn\u00edk nav\u0161t\u00edvil in\u00fa webov\u00fa str\u00e1nku.<\/p>\n<p>Tieto webov\u00e9 str\u00e1nky m\u00f4\u017eu o v\u00e1s zbiera\u0165 osobn\u00e9 \u00fadaje, pou\u017e\u00edva\u0165 s\u00fabory cookies, vklada\u0165 tre\u0165o-strann\u00e9 sledovanie a monitorova\u0165 va\u0161u interakciu s vlo\u017een\u00fdm obsahom, v\u010detne sledovania va\u0161ej interakcie s vlo\u017een\u00fdm obsahom, ak na danej webovej str\u00e1nke m\u00e1te \u00fa\u010det a ste prihl\u00e1sen\u00fd.<\/p>\n<h4>Ako uchov\u00e1vame va\u0161e \u00fadaje<\/h4>\n<p>Pre pou\u017e\u00edvate\u013eov, ktor\u00ed na na\u0161ich webov\u00fdch str\u00e1nkach vyu\u017eij\u00fa kontaktn\u00fd formul\u00e1r, uklad\u00e1me osobn\u00e9 \u00fadaje, ktor\u00e9 poskytuj\u00fa, do datab\u00e1zy. V\u0161etci n\u00e1v\u0161tevn\u00edci m\u00f4\u017eu na po\u017eiadanie kedyko\u013evek zobrazi\u0165, upravi\u0165 alebo odstr\u00e1ni\u0165 svoje osobn\u00e9 \u00fadaje. Spr\u00e1vcovia webov\u00fdch str\u00e1nok tie\u017e m\u00f4\u017eu zobrazi\u0165 a upravi\u0165 tieto inform\u00e1cie. \u00dadaje s\u00fa na web str\u00e1nke zverejnen\u00e9 po dobu jedn\u00e9ho roka a v datab\u00e1ze neverejne ulo\u017een\u00e9 a chr\u00e1nen\u00e9 heslom po dobu piatich rokov.<\/p>\n<h4>Kam posielame va\u0161e \u00fadaje<\/h4>\n<p>Osobn\u00e9 \u00fadaje neposielame ani neposkytujeme \u017eiadnej tretej strane. Ost\u00e1vaj\u00fa v bezpe\u010d\u00ed u n\u00e1s len pre \u00fa\u010dely podujatia a organiz\u00e1cie.<\/p>\n<\/div>\n<p><!-- \/wp:paragraph --><\/p>\n<\/div>\n<\/div><\/div><\/div><div id=\"pgc-1302-0-2\"  class=\"panel-grid-cell panel-grid-cell-empty\" ><\/div><\/div><\/div>","protected":false},"excerpt":{"rendered":"<p>Z\u00e1sady ochrany osobn\u00fdch \u00fadajov<\/p>\n","protected":false},"author":3,"featured_media":905,"parent":0,"menu_order":0,"comment_status":"closed","ping_status":"closed","template":"","meta":{"footnotes":""},"class_list":["post-1302","page","type-page","status-publish","has-post-thumbnail","hentry"],"acf":[],"yoast_head":"<!-- This site is optimized with the Yoast SEO plugin v19.9 - https:\/\/yoast.com\/wordpress\/plugins\/seo\/ -->\n<title>GDPR - World of Work<\/title>\n<meta name=\"robots\" content=\"index, follow, max-snippet:-1, max-image-preview:large, max-video-preview:-1\" \/>\n<link rel=\"canonical\" href=\"https:\/\/www.wxw.sk\/en\/gdpr\/\" \/>\n<meta property=\"og:locale\" content=\"en_US\" \/>\n<meta property=\"og:type\" content=\"article\" \/>\n<meta property=\"og:title\" content=\"GDPR - World of Work\" \/>\n<meta property=\"og:description\" content=\"Z\u00e1sady ochrany osobn\u00fdch \u00fadajov\" \/>\n<meta property=\"og:url\" content=\"https:\/\/www.wxw.sk\/en\/gdpr\/\" \/>\n<meta property=\"og:site_name\" content=\"World of Work\" \/>\n<meta property=\"article:modified_time\" content=\"2022-01-31T14:54:22+00:00\" \/>\n<meta property=\"og:image\" content=\"https:\/\/www.wxw.sk\/wp-content\/uploads\/2022\/01\/cover3.jpg\" \/>\n\t<meta property=\"og:image:width\" content=\"3200\" \/>\n\t<meta property=\"og:image:height\" content=\"1800\" \/>\n\t<meta property=\"og:image:type\" content=\"image\/jpeg\" \/>\n<meta name=\"twitter:card\" content=\"summary_large_image\" \/>\n<meta name=\"twitter:label1\" content=\"Est. reading time\" \/>\n\t<meta name=\"twitter:data1\" content=\"4 minutes\" \/>\n<script type=\"application\/ld+json\" class=\"yoast-schema-graph\">{\"@context\":\"https:\/\/schema.org\",\"@graph\":[{\"@type\":\"WebPage\",\"@id\":\"https:\/\/www.wxw.sk\/en\/gdpr\/\",\"url\":\"https:\/\/www.wxw.sk\/en\/gdpr\/\",\"name\":\"GDPR - World of Work\",\"isPartOf\":{\"@id\":\"https:\/\/www.wxw.sk\/#website\"},\"datePublished\":\"2022-01-31T14:38:23+00:00\",\"dateModified\":\"2022-01-31T14:54:22+00:00\",\"breadcrumb\":{\"@id\":\"https:\/\/www.wxw.sk\/en\/gdpr\/#breadcrumb\"},\"inLanguage\":\"en-US\",\"potentialAction\":[{\"@type\":\"ReadAction\",\"target\":[\"https:\/\/www.wxw.sk\/en\/gdpr\/\"]}]},{\"@type\":\"BreadcrumbList\",\"@id\":\"https:\/\/www.wxw.sk\/en\/gdpr\/#breadcrumb\",\"itemListElement\":[{\"@type\":\"ListItem\",\"position\":1,\"name\":\"Domovsk\u00e1 str\u00e1nka\",\"item\":\"https:\/\/www.wxw.sk\/en\/\"},{\"@type\":\"ListItem\",\"position\":2,\"name\":\"GDPR\"}]},{\"@type\":\"WebSite\",\"@id\":\"https:\/\/www.wxw.sk\/#website\",\"url\":\"https:\/\/www.wxw.sk\/\",\"name\":\"World of Work\",\"description\":\"\",\"potentialAction\":[{\"@type\":\"SearchAction\",\"target\":{\"@type\":\"EntryPoint\",\"urlTemplate\":\"https:\/\/www.wxw.sk\/?s={search_term_string}\"},\"query-input\":\"required name=search_term_string\"}],\"inLanguage\":\"en-US\"}]}<\/script>\n<!-- \/ Yoast SEO plugin. -->","yoast_head_json":{"title":"GDPR - World of Work","robots":{"index":"index","follow":"follow","max-snippet":"max-snippet:-1","max-image-preview":"max-image-preview:large","max-video-preview":"max-video-preview:-1"},"canonical":"https:\/\/www.wxw.sk\/en\/gdpr\/","og_locale":"en_US","og_type":"article","og_title":"GDPR - World of Work","og_description":"Z\u00e1sady ochrany osobn\u00fdch \u00fadajov","og_url":"https:\/\/www.wxw.sk\/en\/gdpr\/","og_site_name":"World of Work","article_modified_time":"2022-01-31T14:54:22+00:00","og_image":[{"width":3200,"height":1800,"url":"https:\/\/www.wxw.sk\/wp-content\/uploads\/2022\/01\/cover3.jpg","type":"image\/jpeg"}],"twitter_card":"summary_large_image","twitter_misc":{"Est. reading time":"4 minutes"},"schema":{"@context":"https:\/\/schema.org","@graph":[{"@type":"WebPage","@id":"https:\/\/www.wxw.sk\/en\/gdpr\/","url":"https:\/\/www.wxw.sk\/en\/gdpr\/","name":"GDPR - World of Work","isPartOf":{"@id":"https:\/\/www.wxw.sk\/#website"},"datePublished":"2022-01-31T14:38:23+00:00","dateModified":"2022-01-31T14:54:22+00:00","breadcrumb":{"@id":"https:\/\/www.wxw.sk\/en\/gdpr\/#breadcrumb"},"inLanguage":"en-US","potentialAction":[{"@type":"ReadAction","target":["https:\/\/www.wxw.sk\/en\/gdpr\/"]}]},{"@type":"BreadcrumbList","@id":"https:\/\/www.wxw.sk\/en\/gdpr\/#breadcrumb","itemListElement":[{"@type":"ListItem","position":1,"name":"Domovsk\u00e1 str\u00e1nka","item":"https:\/\/www.wxw.sk\/en\/"},{"@type":"ListItem","position":2,"name":"GDPR"}]},{"@type":"WebSite","@id":"https:\/\/www.wxw.sk\/#website","url":"https:\/\/www.wxw.sk\/","name":"World of Work","description":"","potentialAction":[{"@type":"SearchAction","target":{"@type":"EntryPoint","urlTemplate":"https:\/\/www.wxw.sk\/?s={search_term_string}"},"query-input":"required name=search_term_string"}],"inLanguage":"en-US"}]}},"_links":{"self":[{"href":"https:\/\/www.wxw.sk\/en\/wp-json\/wp\/v2\/pages\/1302","targetHints":{"allow":["GET"]}}],"collection":[{"href":"https:\/\/www.wxw.sk\/en\/wp-json\/wp\/v2\/pages"}],"about":[{"href":"https:\/\/www.wxw.sk\/en\/wp-json\/wp\/v2\/types\/page"}],"author":[{"embeddable":true,"href":"https:\/\/www.wxw.sk\/en\/wp-json\/wp\/v2\/users\/3"}],"replies":[{"embeddable":true,"href":"https:\/\/www.wxw.sk\/en\/wp-json\/wp\/v2\/comments?post=1302"}],"version-history":[{"count":4,"href":"https:\/\/www.wxw.sk\/en\/wp-json\/wp\/v2\/pages\/1302\/revisions"}],"predecessor-version":[{"id":1309,"href":"https:\/\/www.wxw.sk\/en\/wp-json\/wp\/v2\/pages\/1302\/revisions\/1309"}],"wp:featuredmedia":[{"embeddable":true,"href":"https:\/\/www.wxw.sk\/en\/wp-json\/wp\/v2\/media\/905"}],"wp:attachment":[{"href":"https:\/\/www.wxw.sk\/en\/wp-json\/wp\/v2\/media?parent=1302"}],"curies":[{"name":"wp","href":"https:\/\/api.w.org\/{rel}","templated":true}]}}